{"id":979,"date":"2022-11-01T20:27:13","date_gmt":"2022-11-01T20:27:13","guid":{"rendered":"https:\/\/cabocoart.com\/product\/2-tone-natural-kunho-basket\/"},"modified":"2022-12-07T08:59:45","modified_gmt":"2022-12-07T08:59:45","slug":"2-tone-natural-kunho-basket","status":"publish","type":"product","link":"https:\/\/cabocoart.com\/en\/product\/2-tone-natural-kunho-basket\/","title":{"rendered":"2 tone natural kunho basket"},"content":{"rendered":"<p><span data-sheets-value=\"{\"1\":2,\"2\":\"cesto tran\u00e7ado em broto de buriti , na sua cor natural, bordado em fios de algod\u00e3o multicoloridos . as pe\u00e7as s\u00e3o executadas pelas mulheres da aldeia ind\u00edgena Kmayur\u00e1, localizada no alto Xingu, Mato Grosso. As cores s\u00e3o escolhidas trazendo combina\u00e7\u00f5es alegres em desenhos normalemnete geom\u00e9tricos.\"}\" data-sheets-userformat=\"{\"2\":35709,\"3\":{\"1\":0},\"5\":{\"1\":[{\"1\":2,\"2\":0,\"5\":{\"1\":2,\"2\":12040119}},{\"1\":0,\"2\":0,\"3\":3},{\"1\":1,\"2\":0,\"4\":1}]},\"6\":{\"1\":[{\"1\":2,\"2\":0,\"5\":{\"1\":2,\"2\":12040119}},{\"1\":0,\"2\":0,\"3\":3},{\"1\":1,\"2\":0,\"4\":1}]},\"7\":{\"1\":[{\"1\":2,\"2\":0,\"5\":{\"1\":2,\"2\":12040119}},{\"1\":0,\"2\":0,\"3\":3},{\"1\":1,\"2\":0,\"4\":1}]},\"8\":{\"1\":[{\"1\":2,\"2\":0,\"5\":{\"1\":2,\"2\":12040119}},{\"1\":0,\"2\":0,\"3\":3},{\"1\":1,\"2\":0,\"4\":1}]},\"9\":1,\"11\":4,\"12\":0,\"14\":{\"1\":2,\"2\":6710886},\"18\":1}\">Basket braided in buriti bud, in two tones: in its natural color and in black.<\/span><\/p>\n<p>The pieces are performed by women from the Kamayur\u00e1 indigenous village, located in the upper Xingu, Mato Grosso. The colors are chosen bringing cheerful combinations in normally geometric designs.<\/p>\n","protected":false},"excerpt":{"rendered":"<p><span data-sheets-value=\"{\"1\":2,\"2\":\"cesto tran\u00e7ado em broto de buriti , na sua cor natural, bordado em fios de algod\u00e3o multicoloridos . as pe\u00e7as s\u00e3o executadas pelas mulheres da aldeia ind\u00edgena Kmayur\u00e1, localizada no alto Xingu, Mato Grosso. As cores s\u00e3o escolhidas trazendo combina\u00e7\u00f5es alegres em desenhos normalemnete geom\u00e9tricos.\"}\" data-sheets-userformat=\"{\"2\":35709,\"3\":{\"1\":0},\"5\":{\"1\":[{\"1\":2,\"2\":0,\"5\":{\"1\":2,\"2\":12040119}},{\"1\":0,\"2\":0,\"3\":3},{\"1\":1,\"2\":0,\"4\":1}]},\"6\":{\"1\":[{\"1\":2,\"2\":0,\"5\":{\"1\":2,\"2\":12040119}},{\"1\":0,\"2\":0,\"3\":3},{\"1\":1,\"2\":0,\"4\":1}]},\"7\":{\"1\":[{\"1\":2,\"2\":0,\"5\":{\"1\":2,\"2\":12040119}},{\"1\":0,\"2\":0,\"3\":3},{\"1\":1,\"2\":0,\"4\":1}]},\"8\":{\"1\":[{\"1\":2,\"2\":0,\"5\":{\"1\":2,\"2\":12040119}},{\"1\":0,\"2\":0,\"3\":3},{\"1\":1,\"2\":0,\"4\":1}]},\"9\":1,\"11\":4,\"12\":0,\"14\":{\"1\":2,\"2\":6710886},\"18\":1}\">Basket braided in buriti bud, in two tones: in its natural color and in black.<\/span><\/p>\n","protected":false},"featured_media":818,"template":"","meta":[],"product_cat":[191,123,137,140],"product_tag":[192,194,157,158,193,173],"_links":{"self":[{"href":"https:\/\/cabocoart.com\/en\/wp-json\/wp\/v2\/product\/979"}],"collection":[{"href":"https:\/\/cabocoart.com\/en\/wp-json\/wp\/v2\/product"}],"about":[{"href":"https:\/\/cabocoart.com\/en\/wp-json\/wp\/v2\/types\/product"}],"wp:featuredmedia":[{"embeddable":true,"href":"https:\/\/cabocoart.com\/en\/wp-json\/wp\/v2\/media\/818"}],"wp:attachment":[{"href":"https:\/\/cabocoart.com\/en\/wp-json\/wp\/v2\/media?parent=979"}],"wp:term":[{"taxonomy":"product_cat","embeddable":true,"href":"https:\/\/cabocoart.com\/en\/wp-json\/wp\/v2\/product_cat?post=979"},{"taxonomy":"product_tag","embeddable":true,"href":"https:\/\/cabocoart.com\/en\/wp-json\/wp\/v2\/product_tag?post=979"}],"curies":[{"name":"wp","href":"https:\/\/api.w.org\/{rel}","templated":true}]}}