{"id":1213,"date":"2023-03-09T15:35:12","date_gmt":"2023-03-09T15:35:12","guid":{"rendered":"https:\/\/cabocoart.com\/?post_type=product&#038;p=1213"},"modified":"2025-09-11T16:36:14","modified_gmt":"2025-09-11T16:36:14","slug":"homem-passaro","status":"publish","type":"product","link":"https:\/\/cabocoart.com\/en\/produto\/homem-passaro\/","title":{"rendered":"Homem P\u00e1ssaro"},"content":{"rendered":"<p>Escultura feita em papel mache\u0301 representando o homem p\u00e1ssaro.<\/p>\n<p><span style=\"font-weight: 400;\">O artista pernambucano Andr\u00e9 Menezes busca estimular o olhar para a reciclagem e um consumo consciente, incentivando a economia criativa com a utiliza\u00e7\u00e3o de artigos decorativos que tamb\u00e9m venham do lixo. <\/span><span style=\"font-weight: 400;\">Andr\u00e9 Menezes criou a t\u00e9cnica reclipach\u00e9 que, segundo ele, \u00e9 a jun\u00e7\u00e3o de outras 3 t\u00e9cnicas em uma \u00fanica: reciclagem, papietagem e mach\u00ea. O artista utiliza como mat\u00e9ria prima para suas obras materiais recicl\u00e1veis, papel\u00e3o, isopor, jornal, garrafas pet e de vidro, papel, madeira, tinta e cola.<\/span><\/p>\n<p>&nbsp;<\/p>\n","protected":false},"excerpt":{"rendered":"<p>Escultura feita em papel mache\u0301 representando o homem p\u00e1ssaro.<\/p>\n","protected":false},"featured_media":1216,"template":"","meta":[],"product_cat":[202,23,24,16],"product_tag":[82,205,30,203,204],"_links":{"self":[{"href":"https:\/\/cabocoart.com\/en\/wp-json\/wp\/v2\/product\/1213"}],"collection":[{"href":"https:\/\/cabocoart.com\/en\/wp-json\/wp\/v2\/product"}],"about":[{"href":"https:\/\/cabocoart.com\/en\/wp-json\/wp\/v2\/types\/product"}],"wp:featuredmedia":[{"embeddable":true,"href":"https:\/\/cabocoart.com\/en\/wp-json\/wp\/v2\/media\/1216"}],"wp:attachment":[{"href":"https:\/\/cabocoart.com\/en\/wp-json\/wp\/v2\/media?parent=1213"}],"wp:term":[{"taxonomy":"product_cat","embeddable":true,"href":"https:\/\/cabocoart.com\/en\/wp-json\/wp\/v2\/product_cat?post=1213"},{"taxonomy":"product_tag","embeddable":true,"href":"https:\/\/cabocoart.com\/en\/wp-json\/wp\/v2\/product_tag?post=1213"}],"curies":[{"name":"wp","href":"https:\/\/api.w.org\/{rel}","templated":true}]}}