{"id":1008,"date":"2022-12-02T11:53:12","date_gmt":"2022-12-02T11:53:12","guid":{"rendered":"https:\/\/cabocoart.com\/product\/colorful-birds\/"},"modified":"2022-12-07T09:36:09","modified_gmt":"2022-12-07T09:36:09","slug":"colorful-birds","status":"publish","type":"product","link":"https:\/\/cabocoart.com\/en\/product\/colorful-birds\/","title":{"rendered":"Colorful Birds"},"content":{"rendered":"<p>Birds carved in wood and painted by hand. Price is per UNIT. Assorted colors, randomly chosen.<\/p>\n<p><span style=\"font-weight: 400;\">The father gives shape by carving and carving the wood, the daughter gives color with painting. These are Jailton and Jamile, artisans from the already famous Ilha do Ferro, a village in the city of P\u00e3o de A\u00e7\u00facar, in Alagoas state. In Mulungu wood, a very common tree in the Brazilian Northeast, colorful birds and lizards emerge with a unique and striking identity due to the work of the duo.<\/span><\/p>\n","protected":false},"excerpt":{"rendered":"<p>Birds carved in wood and painted by hand. Price is per UNIT. Assorted colors, randomly chosen.<\/p>\n","protected":false},"featured_media":898,"template":"","meta":[],"product_cat":[201,123,137,138],"product_tag":[167,148,157,169,155,147],"_links":{"self":[{"href":"https:\/\/cabocoart.com\/en\/wp-json\/wp\/v2\/product\/1008"}],"collection":[{"href":"https:\/\/cabocoart.com\/en\/wp-json\/wp\/v2\/product"}],"about":[{"href":"https:\/\/cabocoart.com\/en\/wp-json\/wp\/v2\/types\/product"}],"wp:featuredmedia":[{"embeddable":true,"href":"https:\/\/cabocoart.com\/en\/wp-json\/wp\/v2\/media\/898"}],"wp:attachment":[{"href":"https:\/\/cabocoart.com\/en\/wp-json\/wp\/v2\/media?parent=1008"}],"wp:term":[{"taxonomy":"product_cat","embeddable":true,"href":"https:\/\/cabocoart.com\/en\/wp-json\/wp\/v2\/product_cat?post=1008"},{"taxonomy":"product_tag","embeddable":true,"href":"https:\/\/cabocoart.com\/en\/wp-json\/wp\/v2\/product_tag?post=1008"}],"curies":[{"name":"wp","href":"https:\/\/api.w.org\/{rel}","templated":true}]}}