{"id":1534,"date":"2023-05-27T16:21:21","date_gmt":"2023-05-27T16:21:21","guid":{"rendered":"https:\/\/cabocoart.com\/joao-carlos\/"},"modified":"2023-06-05T13:23:12","modified_gmt":"2023-06-05T13:23:12","slug":"joao-carlos","status":"publish","type":"page","link":"https:\/\/cabocoart.com\/en\/joao-carlos\/","title":{"rendered":"Jo\u00e3o Carlos"},"content":{"rendered":"\n<p>Jo\u00e3o Carlos da Silva J\u00fanior was born in Alagoas, in 1988. <\/p>\n\n<p>Since childhood, Jo\u00e3o Carlos grew up in an environment conducive to art, surrounded and encouraged by the ceramic sculptures produced by his father. He used modeling to make his own toys, each in his own way. <\/p>\n\n<p>As the son of Master Craftsman Jo\u00e3o das Alagoas, he continued to learn and accompany his father on his artistic journey, and his intimacy with clay grew to the point where he began to use it as a form of expression and to portray those he admired: the man of the countryside and the distinctive features of their faces. He developed an affection and perfected his gift for reproducing popular culture and everyday life through his clay sculptures, shaping the thin human figure with a tired posture of the people he lived among, ordinary people in their daily life and work.<\/p>\n\n<p>In his adolescence, he created all kinds of artwork, and his desire to improve his skills grew with each completed work. His vision goes beyond the image itself and is expressed through gestures that convey a message: vendors, fishermen, men and women returning from the fields in the evening, the seller of &#8220;quebra-queixo&#8221; candy, as well as nature and animals are some of the subjects that inspire his creations. <\/p>\n\n<p>Nowadays, in addition to creating ceramic sculptures, he also works with wooden sculptures, canvas paintings, and artistic drawings. He is a master in his own ceramic studio, Casa Art\u00edfice, in Macei\u00f3\/Alagoas, where he teaches classes to children, youth, and adults, passing on the teachings he received from his father to others.<\/p>\n<div data-block-name=\"woocommerce\/product-category\" data-categories=\"[213]\" class=\"wc-block-grid wp-block-product-category wc-block-product-category has-3-columns has-multiple-rows\"><ul class=\"wc-block-grid__products\"><li class=\"wc-block-grid__product product-grid \">\n\t\t\t\t<div class=\"loop-image-wrap botiga-add-to-cart-button-layout3\">\n\t\t\t\t\t<a href=\"https:\/\/cabocoart.com\/en\/produto\/cavalo-ceramica\/\" class=\"wc-block-grid__product-link\">\n\t\t\t\t\t\t<div class=\"wc-block-grid__product-image\"><img fetchpriority=\"high\" decoding=\"async\" width=\"420\" height=\"525\" src=\"https:\/\/cabocoart.com\/wp-content\/uploads\/2023\/04\/caboco-5-cavalos-ceramica-420x525.jpg\" class=\"attachment-woocommerce_thumbnail size-woocommerce_thumbnail\" alt=\"Cavalo em Cer\u00e2mica\" srcset=\"https:\/\/cabocoart.com\/wp-content\/uploads\/2023\/04\/caboco-5-cavalos-ceramica-420x525.jpg 420w, https:\/\/cabocoart.com\/wp-content\/uploads\/2023\/04\/caboco-5-cavalos-ceramica-240x300.jpg 240w, https:\/\/cabocoart.com\/wp-content\/uploads\/2023\/04\/caboco-5-cavalos-ceramica-819x1024.jpg 819w, https:\/\/cabocoart.com\/wp-content\/uploads\/2023\/04\/caboco-5-cavalos-ceramica-768x960.jpg 768w, https:\/\/cabocoart.com\/wp-content\/uploads\/2023\/04\/caboco-5-cavalos-ceramica-1140x1425.jpg 1140w, https:\/\/cabocoart.com\/wp-content\/uploads\/2023\/04\/caboco-5-cavalos-ceramica-920x1150.jpg 920w, https:\/\/cabocoart.com\/wp-content\/uploads\/2023\/04\/caboco-5-cavalos-ceramica-575x719.jpg 575w, https:\/\/cabocoart.com\/wp-content\/uploads\/2023\/04\/caboco-5-cavalos-ceramica-380x475.jpg 380w, https:\/\/cabocoart.com\/wp-content\/uploads\/2023\/04\/caboco-5-cavalos-ceramica-800x1000.jpg 800w, https:\/\/cabocoart.com\/wp-content\/uploads\/2023\/04\/caboco-5-cavalos-ceramica.jpg 1200w\" sizes=\"(max-width: 420px) 100vw, 420px\" \/><\/div>\n\t\t\t\t\t<\/a><div class=\"loop-button-wrap button-layout3\"><div class=\"wp-block-button wc-block-grid__product-add-to-cart\"><a href=\"https:\/\/cabocoart.com\/en\/produto\/cavalo-ceramica\/\" aria-label=\"Read more about &ldquo;Cavalo em Cer\u00e2mica&rdquo;\" data-quantity=\"1\" data-product_id=\"1358\" data-product_sku=\"GP500CL3\" rel=\"nofollow\" class=\"wp-block-button__link add_to_cart_button\">Read more<\/a><\/div><\/div><\/div><a href=\"https:\/\/cabocoart.com\/en\/produto\/cavalo-ceramica\/\" class=\"wc-block-grid__product-link\">\n\t\t\t\t\t<div class=\"wc-block-grid__product-title\">Cavalo em Cer\u00e2mica<\/div>\n\t\t\t\t<\/a><div class=\"wc-block-grid__product-price price\"><\/div><\/li><\/ul><\/div>","protected":false},"excerpt":{"rendered":"<p>Jo\u00e3o Carlos da Silva J\u00fanior was born in Alagoas, in 1988. Since childhood, Jo\u00e3o Carlos grew up in an environment conducive to art, surrounded and encouraged by the ceramic sculptures [&hellip;]<\/p>\n","protected":false},"author":1,"featured_media":0,"parent":0,"menu_order":0,"comment_status":"closed","ping_status":"closed","template":"","meta":{"footnotes":""},"_links":{"self":[{"href":"https:\/\/cabocoart.com\/en\/wp-json\/wp\/v2\/pages\/1534"}],"collection":[{"href":"https:\/\/cabocoart.com\/en\/wp-json\/wp\/v2\/pages"}],"about":[{"href":"https:\/\/cabocoart.com\/en\/wp-json\/wp\/v2\/types\/page"}],"author":[{"embeddable":true,"href":"https:\/\/cabocoart.com\/en\/wp-json\/wp\/v2\/users\/1"}],"replies":[{"embeddable":true,"href":"https:\/\/cabocoart.com\/en\/wp-json\/wp\/v2\/comments?post=1534"}],"version-history":[{"count":1,"href":"https:\/\/cabocoart.com\/en\/wp-json\/wp\/v2\/pages\/1534\/revisions"}],"predecessor-version":[{"id":1535,"href":"https:\/\/cabocoart.com\/en\/wp-json\/wp\/v2\/pages\/1534\/revisions\/1535"}],"wp:attachment":[{"href":"https:\/\/cabocoart.com\/en\/wp-json\/wp\/v2\/media?parent=1534"}],"curies":[{"name":"wp","href":"https:\/\/api.w.org\/{rel}","templated":true}]}}