{"id":1511,"date":"2023-05-27T16:33:08","date_gmt":"2023-05-27T16:33:08","guid":{"rendered":"https:\/\/cabocoart.com\/andre-menezes\/"},"modified":"2023-05-27T16:33:41","modified_gmt":"2023-05-27T16:33:41","slug":"andre-menezes","status":"publish","type":"page","link":"https:\/\/cabocoart.com\/en\/andre-menezes\/","title":{"rendered":"Andr\u00e9 Menezes"},"content":{"rendered":"\n<p>The artist from Pernambuco aims at encouraging a look into recycling and conscious consumption, promoting creative economy with the use of decorative elements that come from the trash. Andr\u00e9 Menezes created a technique called \u201creclipach\u00e9\u201d, which according to him is the combination of three other techniques: recycling, paperwork and mache. The artist uses as raw material to his work recyclables, cardboard, polystyrene, newspapers, plastic and glass bottles, paper, wood, paint and glue.<\/p>\n<div data-block-name=\"woocommerce\/product-category\" data-categories=\"[202]\" class=\"wc-block-grid wp-block-product-category wc-block-product-category has-3-columns has-multiple-rows\"><ul class=\"wc-block-grid__products\"><li class=\"wc-block-grid__product product-grid \">\n\t\t\t\t<div class=\"loop-image-wrap botiga-add-to-cart-button-layout3\">\n\t\t\t\t\t<a href=\"https:\/\/cabocoart.com\/en\/produto\/passaro-ovulacao-assexuada\/\" class=\"wc-block-grid__product-link\">\n\t\t\t\t\t\t<div class=\"wc-block-grid__product-image\"><img fetchpriority=\"high\" decoding=\"async\" width=\"420\" height=\"525\" src=\"https:\/\/cabocoart.com\/wp-content\/uploads\/2023\/03\/ANDRE-MENEZES-PASSARO-OVUL-ASSEXUADA-GP724CL4-CABOCO-12-420x525.jpg\" class=\"attachment-woocommerce_thumbnail size-woocommerce_thumbnail\" alt=\"P\u00e1ssaro Ovula\u00e7\u00e3o Assexuada\" srcset=\"https:\/\/cabocoart.com\/wp-content\/uploads\/2023\/03\/ANDRE-MENEZES-PASSARO-OVUL-ASSEXUADA-GP724CL4-CABOCO-12-420x525.jpg 420w, https:\/\/cabocoart.com\/wp-content\/uploads\/2023\/03\/ANDRE-MENEZES-PASSARO-OVUL-ASSEXUADA-GP724CL4-CABOCO-12-240x300.jpg 240w, https:\/\/cabocoart.com\/wp-content\/uploads\/2023\/03\/ANDRE-MENEZES-PASSARO-OVUL-ASSEXUADA-GP724CL4-CABOCO-12-819x1024.jpg 819w, https:\/\/cabocoart.com\/wp-content\/uploads\/2023\/03\/ANDRE-MENEZES-PASSARO-OVUL-ASSEXUADA-GP724CL4-CABOCO-12-768x960.jpg 768w, https:\/\/cabocoart.com\/wp-content\/uploads\/2023\/03\/ANDRE-MENEZES-PASSARO-OVUL-ASSEXUADA-GP724CL4-CABOCO-12-1229x1536.jpg 1229w, https:\/\/cabocoart.com\/wp-content\/uploads\/2023\/03\/ANDRE-MENEZES-PASSARO-OVUL-ASSEXUADA-GP724CL4-CABOCO-12-1639x2048.jpg 1639w, https:\/\/cabocoart.com\/wp-content\/uploads\/2023\/03\/ANDRE-MENEZES-PASSARO-OVUL-ASSEXUADA-GP724CL4-CABOCO-12-1140x1425.jpg 1140w, https:\/\/cabocoart.com\/wp-content\/uploads\/2023\/03\/ANDRE-MENEZES-PASSARO-OVUL-ASSEXUADA-GP724CL4-CABOCO-12-920x1150.jpg 920w, https:\/\/cabocoart.com\/wp-content\/uploads\/2023\/03\/ANDRE-MENEZES-PASSARO-OVUL-ASSEXUADA-GP724CL4-CABOCO-12-575x719.jpg 575w, https:\/\/cabocoart.com\/wp-content\/uploads\/2023\/03\/ANDRE-MENEZES-PASSARO-OVUL-ASSEXUADA-GP724CL4-CABOCO-12-380x475.jpg 380w, https:\/\/cabocoart.com\/wp-content\/uploads\/2023\/03\/ANDRE-MENEZES-PASSARO-OVUL-ASSEXUADA-GP724CL4-CABOCO-12-800x1000.jpg 800w, https:\/\/cabocoart.com\/wp-content\/uploads\/2023\/03\/ANDRE-MENEZES-PASSARO-OVUL-ASSEXUADA-GP724CL4-CABOCO-12-scaled.jpg 2048w\" sizes=\"(max-width: 420px) 100vw, 420px\" \/><\/div>\n\t\t\t\t\t<\/a><div class=\"loop-button-wrap button-layout3\"><div class=\"wp-block-button wc-block-grid__product-add-to-cart\"><a href=\"https:\/\/cabocoart.com\/en\/produto\/passaro-ovulacao-assexuada\/\" aria-label=\"Read more about &ldquo;P\u00e1ssaro Ovula\u00e7\u00e3o Assexuada&rdquo;\" data-quantity=\"1\" data-product_id=\"1220\" data-product_sku=\"GP724CL4\" rel=\"nofollow\" class=\"wp-block-button__link add_to_cart_button\">Read more<\/a><\/div><\/div><\/div><a href=\"https:\/\/cabocoart.com\/en\/produto\/passaro-ovulacao-assexuada\/\" class=\"wc-block-grid__product-link\">\n\t\t\t\t\t<div class=\"wc-block-grid__product-title\">P\u00e1ssaro Ovula\u00e7\u00e3o Assexuada<\/div>\n\t\t\t\t<\/a><div class=\"wc-block-grid__product-price price\"><\/div><\/li><li class=\"wc-block-grid__product product-grid \">\n\t\t\t\t<div class=\"loop-image-wrap botiga-add-to-cart-button-layout3\">\n\t\t\t\t\t<a href=\"https:\/\/cabocoart.com\/en\/produto\/homem-passaro\/\" class=\"wc-block-grid__product-link\">\n\t\t\t\t\t\t<div class=\"wc-block-grid__product-image\"><img decoding=\"async\" width=\"420\" height=\"525\" src=\"https:\/\/cabocoart.com\/wp-content\/uploads\/2023\/03\/ANDRE-MENEZES-HOMEM-PASSARO-GP721CL6-CABOCO-18-420x525.jpg\" class=\"attachment-woocommerce_thumbnail size-woocommerce_thumbnail\" alt=\"Homem P\u00e1ssaro\" srcset=\"https:\/\/cabocoart.com\/wp-content\/uploads\/2023\/03\/ANDRE-MENEZES-HOMEM-PASSARO-GP721CL6-CABOCO-18-420x525.jpg 420w, https:\/\/cabocoart.com\/wp-content\/uploads\/2023\/03\/ANDRE-MENEZES-HOMEM-PASSARO-GP721CL6-CABOCO-18-240x300.jpg 240w, https:\/\/cabocoart.com\/wp-content\/uploads\/2023\/03\/ANDRE-MENEZES-HOMEM-PASSARO-GP721CL6-CABOCO-18-819x1024.jpg 819w, https:\/\/cabocoart.com\/wp-content\/uploads\/2023\/03\/ANDRE-MENEZES-HOMEM-PASSARO-GP721CL6-CABOCO-18-768x960.jpg 768w, https:\/\/cabocoart.com\/wp-content\/uploads\/2023\/03\/ANDRE-MENEZES-HOMEM-PASSARO-GP721CL6-CABOCO-18-1229x1536.jpg 1229w, https:\/\/cabocoart.com\/wp-content\/uploads\/2023\/03\/ANDRE-MENEZES-HOMEM-PASSARO-GP721CL6-CABOCO-18-1638x2048.jpg 1638w, https:\/\/cabocoart.com\/wp-content\/uploads\/2023\/03\/ANDRE-MENEZES-HOMEM-PASSARO-GP721CL6-CABOCO-18-1140x1425.jpg 1140w, https:\/\/cabocoart.com\/wp-content\/uploads\/2023\/03\/ANDRE-MENEZES-HOMEM-PASSARO-GP721CL6-CABOCO-18-920x1150.jpg 920w, https:\/\/cabocoart.com\/wp-content\/uploads\/2023\/03\/ANDRE-MENEZES-HOMEM-PASSARO-GP721CL6-CABOCO-18-575x719.jpg 575w, https:\/\/cabocoart.com\/wp-content\/uploads\/2023\/03\/ANDRE-MENEZES-HOMEM-PASSARO-GP721CL6-CABOCO-18-380x475.jpg 380w, https:\/\/cabocoart.com\/wp-content\/uploads\/2023\/03\/ANDRE-MENEZES-HOMEM-PASSARO-GP721CL6-CABOCO-18-800x1000.jpg 800w, https:\/\/cabocoart.com\/wp-content\/uploads\/2023\/03\/ANDRE-MENEZES-HOMEM-PASSARO-GP721CL6-CABOCO-18-scaled.jpg 2048w\" sizes=\"(max-width: 420px) 100vw, 420px\" \/><\/div>\n\t\t\t\t\t<\/a><div class=\"loop-button-wrap button-layout3\"><div class=\"wp-block-button wc-block-grid__product-add-to-cart\"><a href=\"https:\/\/cabocoart.com\/en\/produto\/homem-passaro\/\" aria-label=\"Read more about &ldquo;Homem P\u00e1ssaro&rdquo;\" data-quantity=\"1\" data-product_id=\"1213\" data-product_sku=\"GP721CL6\" rel=\"nofollow\" class=\"wp-block-button__link add_to_cart_button\">Read more<\/a><\/div><\/div><\/div><a href=\"https:\/\/cabocoart.com\/en\/produto\/homem-passaro\/\" class=\"wc-block-grid__product-link\">\n\t\t\t\t\t<div class=\"wc-block-grid__product-title\">Homem P\u00e1ssaro<\/div>\n\t\t\t\t<\/a><div class=\"wc-block-grid__product-price price\"><\/div><\/li><li class=\"wc-block-grid__product product-grid \">\n\t\t\t\t<div class=\"loop-image-wrap botiga-add-to-cart-button-layout3\">\n\t\t\t\t\t<a href=\"https:\/\/cabocoart.com\/en\/produto\/peixe-passaro\/\" class=\"wc-block-grid__product-link\">\n\t\t\t\t\t\t<div class=\"wc-block-grid__product-image\"><img decoding=\"async\" width=\"420\" height=\"525\" src=\"https:\/\/cabocoart.com\/wp-content\/uploads\/2023\/03\/ANDRE-MENEZES-PEIXE-PASSARO-GP721CL8-CABOCO-14-420x525.jpg\" class=\"attachment-woocommerce_thumbnail size-woocommerce_thumbnail\" alt=\"Peixe P\u00e1ssaro\" srcset=\"https:\/\/cabocoart.com\/wp-content\/uploads\/2023\/03\/ANDRE-MENEZES-PEIXE-PASSARO-GP721CL8-CABOCO-14-420x525.jpg 420w, https:\/\/cabocoart.com\/wp-content\/uploads\/2023\/03\/ANDRE-MENEZES-PEIXE-PASSARO-GP721CL8-CABOCO-14-240x300.jpg 240w, https:\/\/cabocoart.com\/wp-content\/uploads\/2023\/03\/ANDRE-MENEZES-PEIXE-PASSARO-GP721CL8-CABOCO-14-819x1024.jpg 819w, https:\/\/cabocoart.com\/wp-content\/uploads\/2023\/03\/ANDRE-MENEZES-PEIXE-PASSARO-GP721CL8-CABOCO-14-768x960.jpg 768w, https:\/\/cabocoart.com\/wp-content\/uploads\/2023\/03\/ANDRE-MENEZES-PEIXE-PASSARO-GP721CL8-CABOCO-14-1229x1536.jpg 1229w, https:\/\/cabocoart.com\/wp-content\/uploads\/2023\/03\/ANDRE-MENEZES-PEIXE-PASSARO-GP721CL8-CABOCO-14-1638x2048.jpg 1638w, https:\/\/cabocoart.com\/wp-content\/uploads\/2023\/03\/ANDRE-MENEZES-PEIXE-PASSARO-GP721CL8-CABOCO-14-1140x1425.jpg 1140w, https:\/\/cabocoart.com\/wp-content\/uploads\/2023\/03\/ANDRE-MENEZES-PEIXE-PASSARO-GP721CL8-CABOCO-14-920x1150.jpg 920w, https:\/\/cabocoart.com\/wp-content\/uploads\/2023\/03\/ANDRE-MENEZES-PEIXE-PASSARO-GP721CL8-CABOCO-14-575x719.jpg 575w, https:\/\/cabocoart.com\/wp-content\/uploads\/2023\/03\/ANDRE-MENEZES-PEIXE-PASSARO-GP721CL8-CABOCO-14-380x475.jpg 380w, https:\/\/cabocoart.com\/wp-content\/uploads\/2023\/03\/ANDRE-MENEZES-PEIXE-PASSARO-GP721CL8-CABOCO-14-800x1000.jpg 800w, https:\/\/cabocoart.com\/wp-content\/uploads\/2023\/03\/ANDRE-MENEZES-PEIXE-PASSARO-GP721CL8-CABOCO-14-scaled.jpg 2048w\" sizes=\"(max-width: 420px) 100vw, 420px\" \/><\/div>\n\t\t\t\t\t<\/a><div class=\"loop-button-wrap button-layout3\"><div class=\"wp-block-button wc-block-grid__product-add-to-cart\"><a href=\"https:\/\/cabocoart.com\/en\/produto\/peixe-passaro\/\" aria-label=\"Read more about &ldquo;Peixe P\u00e1ssaro&rdquo;\" data-quantity=\"1\" data-product_id=\"1206\" data-product_sku=\"GP721CL8\" rel=\"nofollow\" class=\"wp-block-button__link add_to_cart_button\">Read more<\/a><\/div><\/div><\/div><a href=\"https:\/\/cabocoart.com\/en\/produto\/peixe-passaro\/\" class=\"wc-block-grid__product-link\">\n\t\t\t\t\t<div class=\"wc-block-grid__product-title\">Peixe P\u00e1ssaro<\/div>\n\t\t\t\t<\/a><div class=\"wc-block-grid__product-price price\"><\/div><\/li><\/ul><\/div>","protected":false},"excerpt":{"rendered":"<p>The artist from Pernambuco aims at encouraging a look into recycling and conscious consumption, promoting creative economy with the use of decorative elements that come from the trash. Andr\u00e9 Menezes [&hellip;]<\/p>\n","protected":false},"author":1,"featured_media":0,"parent":0,"menu_order":0,"comment_status":"closed","ping_status":"closed","template":"","meta":{"footnotes":""},"_links":{"self":[{"href":"https:\/\/cabocoart.com\/en\/wp-json\/wp\/v2\/pages\/1511"}],"collection":[{"href":"https:\/\/cabocoart.com\/en\/wp-json\/wp\/v2\/pages"}],"about":[{"href":"https:\/\/cabocoart.com\/en\/wp-json\/wp\/v2\/types\/page"}],"author":[{"embeddable":true,"href":"https:\/\/cabocoart.com\/en\/wp-json\/wp\/v2\/users\/1"}],"replies":[{"embeddable":true,"href":"https:\/\/cabocoart.com\/en\/wp-json\/wp\/v2\/comments?post=1511"}],"version-history":[{"count":1,"href":"https:\/\/cabocoart.com\/en\/wp-json\/wp\/v2\/pages\/1511\/revisions"}],"predecessor-version":[{"id":1512,"href":"https:\/\/cabocoart.com\/en\/wp-json\/wp\/v2\/pages\/1511\/revisions\/1512"}],"wp:attachment":[{"href":"https:\/\/cabocoart.com\/en\/wp-json\/wp\/v2\/media?parent=1511"}],"curies":[{"name":"wp","href":"https:\/\/api.w.org\/{rel}","templated":true}]}}