{"id":1502,"date":"2023-05-27T16:22:47","date_gmt":"2023-05-27T16:22:47","guid":{"rendered":"https:\/\/cabocoart.com\/juliana-juliao\/"},"modified":"2023-05-27T16:25:45","modified_gmt":"2023-05-27T16:25:45","slug":"juliana-juliao","status":"publish","type":"page","link":"https:\/\/cabocoart.com\/en\/juliana-juliao\/","title":{"rendered":"Juliana Juli\u00e3o"},"content":{"rendered":"\n<p>Working with wood is in Juli\u00e3o family since the 60&#8217;s.<\/p>\n\n<p>It all started around 1960, with Ant\u00f4nio Juli\u00e3o, Juliana&#8217;s grandfather, who made wooden harness heads for horse saddles, which he sold in the city of Prados, state of Minas Gerais. His children learned to love wood and using it as a base, they developed their artistic expression. Since childhood, they built toys to have fun together. Itamar was one of Ant\u00f4nio&#8217;s sons and little by little he experimented creating on wood. The result of his work was soon noticed. Itamar, became an example and a reference for the entire region and taught many families to perform creative work in wood. Juliana grew up in this environment and also developed her skills.<\/p>\n\n<p>Her mother, Vicentina, encourages her art and is also active as an artist and sculptor.<\/p>\n\n<p>Nature and animals are the great inspiration. Juliana loves giving life to wood, transforming it and she feels happy, for revealing in each piece a part of her history. She works with delicacy, but also with intensity, leaving her mark on popular art in Brazil.<\/p>\n<div data-block-name=\"woocommerce\/product-category\" data-categories=\"[216]\" class=\"wc-block-grid wp-block-product-category wc-block-product-category has-3-columns has-multiple-rows\"><ul class=\"wc-block-grid__products\"><li class=\"wc-block-grid__product product-grid \">\n\t\t\t\t<div class=\"loop-image-wrap botiga-add-to-cart-button-layout3\">\n\t\t\t\t\t<a href=\"https:\/\/cabocoart.com\/en\/produto\/macaco-em-madeira-de-cedro\/\" class=\"wc-block-grid__product-link\">\n\t\t\t\t\t\t<div class=\"wc-block-grid__product-image\"><img fetchpriority=\"high\" decoding=\"async\" width=\"420\" height=\"525\" src=\"https:\/\/cabocoart.com\/wp-content\/uploads\/2023\/04\/macacos-juliana-juliao-420x525.jpg\" class=\"attachment-woocommerce_thumbnail size-woocommerce_thumbnail\" alt=\"Macaco em Madeira de Cedro\" srcset=\"https:\/\/cabocoart.com\/wp-content\/uploads\/2023\/04\/macacos-juliana-juliao-420x525.jpg 420w, https:\/\/cabocoart.com\/wp-content\/uploads\/2023\/04\/macacos-juliana-juliao-240x300.jpg 240w, https:\/\/cabocoart.com\/wp-content\/uploads\/2023\/04\/macacos-juliana-juliao-819x1024.jpg 819w, https:\/\/cabocoart.com\/wp-content\/uploads\/2023\/04\/macacos-juliana-juliao-768x960.jpg 768w, https:\/\/cabocoart.com\/wp-content\/uploads\/2023\/04\/macacos-juliana-juliao-1140x1425.jpg 1140w, https:\/\/cabocoart.com\/wp-content\/uploads\/2023\/04\/macacos-juliana-juliao-920x1150.jpg 920w, https:\/\/cabocoart.com\/wp-content\/uploads\/2023\/04\/macacos-juliana-juliao-575x719.jpg 575w, https:\/\/cabocoart.com\/wp-content\/uploads\/2023\/04\/macacos-juliana-juliao-380x475.jpg 380w, https:\/\/cabocoart.com\/wp-content\/uploads\/2023\/04\/macacos-juliana-juliao-800x1000.jpg 800w, https:\/\/cabocoart.com\/wp-content\/uploads\/2023\/04\/macacos-juliana-juliao.jpg 1200w\" sizes=\"(max-width: 420px) 100vw, 420px\" \/><\/div>\n\t\t\t\t\t<\/a><div class=\"loop-button-wrap button-layout3\"><div class=\"wp-block-button wc-block-grid__product-add-to-cart\"><a href=\"https:\/\/cabocoart.com\/en\/produto\/macaco-em-madeira-de-cedro\/\" aria-label=\"Select options for &ldquo;Macaco em Madeira de Cedro&rdquo;\" data-quantity=\"1\" data-product_id=\"1406\" data-product_sku=\"\" rel=\"nofollow\" class=\"wp-block-button__link add_to_cart_button\">Read more<\/a><\/div><\/div><\/div><a href=\"https:\/\/cabocoart.com\/en\/produto\/macaco-em-madeira-de-cedro\/\" class=\"wc-block-grid__product-link\">\n\t\t\t\t\t<div class=\"wc-block-grid__product-title\">Macaco em Madeira de Cedro<\/div>\n\t\t\t\t<\/a><div class=\"wc-block-grid__product-price price\"><\/div><\/li><\/ul><\/div>","protected":false},"excerpt":{"rendered":"<p>Working with wood is in Juli\u00e3o family since the 60&#8217;s. It all started around 1960, with Ant\u00f4nio Juli\u00e3o, Juliana&#8217;s grandfather, who made wooden harness heads for horse saddles, which he [&hellip;]<\/p>\n","protected":false},"author":1,"featured_media":0,"parent":0,"menu_order":0,"comment_status":"closed","ping_status":"closed","template":"","meta":{"footnotes":""},"_links":{"self":[{"href":"https:\/\/cabocoart.com\/en\/wp-json\/wp\/v2\/pages\/1502"}],"collection":[{"href":"https:\/\/cabocoart.com\/en\/wp-json\/wp\/v2\/pages"}],"about":[{"href":"https:\/\/cabocoart.com\/en\/wp-json\/wp\/v2\/types\/page"}],"author":[{"embeddable":true,"href":"https:\/\/cabocoart.com\/en\/wp-json\/wp\/v2\/users\/1"}],"replies":[{"embeddable":true,"href":"https:\/\/cabocoart.com\/en\/wp-json\/wp\/v2\/comments?post=1502"}],"version-history":[{"count":1,"href":"https:\/\/cabocoart.com\/en\/wp-json\/wp\/v2\/pages\/1502\/revisions"}],"predecessor-version":[{"id":1503,"href":"https:\/\/cabocoart.com\/en\/wp-json\/wp\/v2\/pages\/1502\/revisions\/1503"}],"wp:attachment":[{"href":"https:\/\/cabocoart.com\/en\/wp-json\/wp\/v2\/media?parent=1502"}],"curies":[{"name":"wp","href":"https:\/\/api.w.org\/{rel}","templated":true}]}}