{"id":1121,"date":"2022-12-10T13:49:42","date_gmt":"2022-12-10T13:49:42","guid":{"rendered":"https:\/\/cabocoart.com\/rodney-paiva\/"},"modified":"2022-12-10T13:55:16","modified_gmt":"2022-12-10T13:55:16","slug":"rodney-paiva","status":"publish","type":"page","link":"https:\/\/cabocoart.com\/en\/rodney-paiva\/","title":{"rendered":"Rodney Paiva"},"content":{"rendered":"\n<p>\u201cHandcraft works on people&#8217;s minds, on human beings. When I&#8217;m at the workshop, I forget about everything. When I see the finished piece, it&#8217;s very beautiful, it&#8217;s something that only God can give us inspiration. Taking a piece of wood that is already in the trash and turning it into a beautiful piece is priceless\u201d.<\/p>\n\n<p>Rodney combines his imagination with the region&#8217;s biodiversity to create biojewels. There are necklaces, bracelets, earrings and purses made with scrap wood (which was discarded) and seeds that he collects himself. After processing, which is done by a specialized person, Rodney does the polishing and dyeing. For this stage, he uses both natural pigments, such as onion peel, and dye for dyeing clothes. <\/p>\n\n<p>The seeds he uses most are from Jarina, a typical palm tree from the Amazon rainforest; of paxi\u00faba and a\u00e7a\u00ed. Because they are reused, the woods are varied, but the most common are maracatiara, jackfruit, morapiranga and paxi\u00faba.<\/p>\n<div data-block-name=\"woocommerce\/product-category\" data-categories=\"[59]\" class=\"wc-block-grid wp-block-product-category wc-block-product-category has-3-columns has-multiple-rows\"><ul class=\"wc-block-grid__products\"><li class=\"wc-block-grid__product product-grid \">\n\t\t\t\t<div class=\"loop-image-wrap botiga-add-to-cart-button-layout3\">\n\t\t\t\t\t<a href=\"https:\/\/cabocoart.com\/produto\/colar-de-mesa-de-sementes-amazonicas-no4\/\" class=\"wc-block-grid__product-link\">\n\t\t\t\t\t\t<div class=\"wc-block-grid__product-image\"><img fetchpriority=\"high\" decoding=\"async\" width=\"420\" height=\"525\" src=\"https:\/\/cabocoart.com\/wp-content\/uploads\/2022\/07\/RODNEY-PAIVA-CACHO-DE-JARINA-BOLA-MADEIRA-CABOCO-GP344CL4-420x525.jpg\" class=\"attachment-woocommerce_thumbnail size-woocommerce_thumbnail\" alt=\"Colar de mesa de sementes amaz\u00f4nicas n\u00ba4\" srcset=\"https:\/\/cabocoart.com\/wp-content\/uploads\/2022\/07\/RODNEY-PAIVA-CACHO-DE-JARINA-BOLA-MADEIRA-CABOCO-GP344CL4-420x525.jpg 420w, https:\/\/cabocoart.com\/wp-content\/uploads\/2022\/07\/RODNEY-PAIVA-CACHO-DE-JARINA-BOLA-MADEIRA-CABOCO-GP344CL4.jpg 800w\" sizes=\"(max-width: 420px) 100vw, 420px\" \/><\/div>\n\t\t\t\t\t<\/a><div class=\"loop-button-wrap button-layout3\"><div class=\"wp-block-button wc-block-grid__product-add-to-cart\"><a href=\"https:\/\/cabocoart.com\/produto\/colar-de-mesa-de-sementes-amazonicas-no4\/\" aria-label=\"Read more about &ldquo;Colar de mesa de sementes amaz\u00f4nicas n\u00ba4&rdquo;\" data-quantity=\"1\" data-product_id=\"188\" data-product_sku=\"GP344CL4\" rel=\"nofollow\" class=\"wp-block-button__link add_to_cart_button\">Read more<\/a><\/div><\/div><\/div><a href=\"https:\/\/cabocoart.com\/produto\/colar-de-mesa-de-sementes-amazonicas-no4\/\" class=\"wc-block-grid__product-link\">\n\t\t\t\t\t<div class=\"wc-block-grid__product-title\">Colar de mesa de sementes amaz\u00f4nicas n\u00ba4<\/div>\n\t\t\t\t<\/a><div class=\"wc-block-grid__product-price price\"><\/div><\/li><li class=\"wc-block-grid__product product-grid \">\n\t\t\t\t<div class=\"loop-image-wrap botiga-add-to-cart-button-layout3\">\n\t\t\t\t\t<a href=\"https:\/\/cabocoart.com\/produto\/colar-de-mesa-de-sementes-amazonicas-no-3\/\" class=\"wc-block-grid__product-link\">\n\t\t\t\t\t\t<div class=\"wc-block-grid__product-image\"><img decoding=\"async\" width=\"420\" height=\"525\" src=\"https:\/\/cabocoart.com\/wp-content\/uploads\/2022\/07\/RODNEY-PAIVA-CACHO-DE-JARINA-BOLA-MADEIRA-CABOCO-GP344CL4GP344CL3-DETALHES-7-420x525.jpg\" class=\"attachment-woocommerce_thumbnail size-woocommerce_thumbnail\" alt=\"Colar de mesa de sementes amaz\u00f4nicas n\u00ba3\" srcset=\"https:\/\/cabocoart.com\/wp-content\/uploads\/2022\/07\/RODNEY-PAIVA-CACHO-DE-JARINA-BOLA-MADEIRA-CABOCO-GP344CL4GP344CL3-DETALHES-7-420x525.jpg 420w, https:\/\/cabocoart.com\/wp-content\/uploads\/2022\/07\/RODNEY-PAIVA-CACHO-DE-JARINA-BOLA-MADEIRA-CABOCO-GP344CL4GP344CL3-DETALHES-7.jpg 800w\" sizes=\"(max-width: 420px) 100vw, 420px\" \/><\/div>\n\t\t\t\t\t<\/a><div class=\"loop-button-wrap button-layout3\"><div class=\"wp-block-button wc-block-grid__product-add-to-cart\"><a href=\"https:\/\/cabocoart.com\/produto\/colar-de-mesa-de-sementes-amazonicas-no-3\/\" aria-label=\"Read more about &ldquo;Colar de mesa de sementes amaz\u00f4nicas n\u00ba3&rdquo;\" data-quantity=\"1\" data-product_id=\"184\" data-product_sku=\"GP344CL3\" rel=\"nofollow\" class=\"wp-block-button__link add_to_cart_button\">Read more<\/a><\/div><\/div><\/div><a href=\"https:\/\/cabocoart.com\/produto\/colar-de-mesa-de-sementes-amazonicas-no-3\/\" class=\"wc-block-grid__product-link\">\n\t\t\t\t\t<div class=\"wc-block-grid__product-title\">Colar de mesa de sementes amaz\u00f4nicas n\u00ba3<\/div>\n\t\t\t\t<\/a><div class=\"wc-block-grid__product-price price\"><\/div><\/li><li class=\"wc-block-grid__product product-grid \">\n\t\t\t\t<div class=\"loop-image-wrap botiga-add-to-cart-button-layout3\">\n\t\t\t\t\t<a href=\"https:\/\/cabocoart.com\/produto\/colar-de-mesa-de-sementes-amazonicas\/\" class=\"wc-block-grid__product-link\">\n\t\t\t\t\t\t<div class=\"wc-block-grid__product-image\"><img decoding=\"async\" width=\"420\" height=\"525\" src=\"https:\/\/cabocoart.com\/wp-content\/uploads\/2022\/07\/RODNEY-PAIVA-TRANCA-DA-MATA-ACAI-PAXIUBAO-CABOCO-GP344CL5-420x525.jpg\" class=\"attachment-woocommerce_thumbnail size-woocommerce_thumbnail\" alt=\"Colar de mesa de sementes amaz\u00f4nicas n\u00ba5\" srcset=\"https:\/\/cabocoart.com\/wp-content\/uploads\/2022\/07\/RODNEY-PAIVA-TRANCA-DA-MATA-ACAI-PAXIUBAO-CABOCO-GP344CL5-420x525.jpg 420w, https:\/\/cabocoart.com\/wp-content\/uploads\/2022\/07\/RODNEY-PAIVA-TRANCA-DA-MATA-ACAI-PAXIUBAO-CABOCO-GP344CL5.jpg 800w\" sizes=\"(max-width: 420px) 100vw, 420px\" \/><\/div>\n\t\t\t\t\t<\/a><div class=\"loop-button-wrap button-layout3\"><div class=\"wp-block-button wc-block-grid__product-add-to-cart\"><a href=\"https:\/\/cabocoart.com\/produto\/colar-de-mesa-de-sementes-amazonicas\/\" aria-label=\"Read more about &ldquo;Colar de mesa de sementes amaz\u00f4nicas n\u00ba5&rdquo;\" data-quantity=\"1\" data-product_id=\"129\" data-product_sku=\"\" rel=\"nofollow\" class=\"wp-block-button__link add_to_cart_button\">Read more<\/a><\/div><\/div><\/div><a href=\"https:\/\/cabocoart.com\/produto\/colar-de-mesa-de-sementes-amazonicas\/\" class=\"wc-block-grid__product-link\">\n\t\t\t\t\t<div class=\"wc-block-grid__product-title\">Colar de mesa de sementes amaz\u00f4nicas n\u00ba5<\/div>\n\t\t\t\t<\/a><div class=\"wc-block-grid__product-price price\"><\/div><\/li><\/ul><\/div>","protected":false},"excerpt":{"rendered":"<p>\u201cHandcraft works on people&#8217;s minds, on human beings. When I&#8217;m at the workshop, I forget about everything. When I see the finished piece, it&#8217;s very beautiful, it&#8217;s something that only [&hellip;]<\/p>\n","protected":false},"author":1,"featured_media":0,"parent":0,"menu_order":0,"comment_status":"closed","ping_status":"closed","template":"","meta":{"footnotes":""},"_links":{"self":[{"href":"https:\/\/cabocoart.com\/en\/wp-json\/wp\/v2\/pages\/1121"}],"collection":[{"href":"https:\/\/cabocoart.com\/en\/wp-json\/wp\/v2\/pages"}],"about":[{"href":"https:\/\/cabocoart.com\/en\/wp-json\/wp\/v2\/types\/page"}],"author":[{"embeddable":true,"href":"https:\/\/cabocoart.com\/en\/wp-json\/wp\/v2\/users\/1"}],"replies":[{"embeddable":true,"href":"https:\/\/cabocoart.com\/en\/wp-json\/wp\/v2\/comments?post=1121"}],"version-history":[{"count":1,"href":"https:\/\/cabocoart.com\/en\/wp-json\/wp\/v2\/pages\/1121\/revisions"}],"predecessor-version":[{"id":1122,"href":"https:\/\/cabocoart.com\/en\/wp-json\/wp\/v2\/pages\/1121\/revisions\/1122"}],"wp:attachment":[{"href":"https:\/\/cabocoart.com\/en\/wp-json\/wp\/v2\/media?parent=1121"}],"curies":[{"name":"wp","href":"https:\/\/api.w.org\/{rel}","templated":true}]}}