{"id":1096,"date":"2022-12-09T11:03:26","date_gmt":"2022-12-09T11:03:26","guid":{"rendered":"https:\/\/cabocoart.com\/neguinha\/"},"modified":"2022-12-09T11:09:10","modified_gmt":"2022-12-09T11:09:10","slug":"neguinha","status":"publish","type":"page","link":"https:\/\/cabocoart.com\/en\/neguinha\/","title":{"rendered":"Neguinha"},"content":{"rendered":"\n<p>Maria do Carmo dos Santos, better known as Neguinha, put her hands in clay when she was a little girl. Her first creations were the traditional clay pots, widely used at the time for cooking. Neguinha was born and raised in Belo Jardim, in the Agreste region of Pernambuco, where she still lives with her family today. \u201cI started when I was seven years old. I worked with tiny pieces that were made for children to play with. When I was ten years old, I started to make big pots\u201d. <\/p>\n\n<p>At the beginning of her career, she discredited the power of her work, as she thought the municipality where she lived was too \u201cstationary\u201d for the time. Neguinha says that she sold 100 clay pots for just R$40, and with that her profit was very low. However, just like the master Cida Lima, she also experienced several changes in her work after meeting the artist Ana Veloso, who at the time coordinated the Estado de Arte project, by the Secretariat of Culture of Belo Jardim, which focused on revitalizing production. handicraft in the municipality and stimulate the potential of local artisans.<\/p>\n\n<p>Maria do Carmo dos Santos, is Mestra Neguinha, after the traditional pots came anteaters, Cabe\u00e7as, S\u00e3o Francisco, Frei Dami\u00e3o, platters, chickens, a lot of things. \u201cWe started to get inspired, we started to do it and, thank God, it&#8217;s working\u201d. Indigenous heritage, caboclo dishes do not use a lathe. The mold is given by hands that know the texture and plasticity of clay and know how to guide it according to the wishes of the imagination. After drying in the shade, they are taken to the oven where they remain for about three hours. The drawings are made with chicken feathers and the colors come from tau\u00e1 clay.<\/p>\n<div data-block-name=\"woocommerce\/product-category\" data-categories=\"[51]\" class=\"wc-block-grid wp-block-product-category wc-block-product-category has-3-columns has-multiple-rows\"><ul class=\"wc-block-grid__products\"><li class=\"wc-block-grid__product product-grid \">\n\t\t\t\t<div class=\"loop-image-wrap botiga-add-to-cart-button-layout3\">\n\t\t\t\t\t<a href=\"https:\/\/cabocoart.com\/produto\/banco-tamandua\/\" class=\"wc-block-grid__product-link\">\n\t\t\t\t\t\t<div class=\"wc-block-grid__product-image\"><img fetchpriority=\"high\" decoding=\"async\" width=\"420\" height=\"525\" src=\"https:\/\/cabocoart.com\/wp-content\/uploads\/2022\/07\/NEGUINHA-BANCO-TAMANDUA-CABOCO-CB037CE0--420x525.jpg\" class=\"attachment-woocommerce_thumbnail size-woocommerce_thumbnail\" alt=\"Banco Tamandu\u00e1\" srcset=\"https:\/\/cabocoart.com\/wp-content\/uploads\/2022\/07\/NEGUINHA-BANCO-TAMANDUA-CABOCO-CB037CE0--420x525.jpg 420w, https:\/\/cabocoart.com\/wp-content\/uploads\/2022\/07\/NEGUINHA-BANCO-TAMANDUA-CABOCO-CB037CE0-.jpg 800w\" sizes=\"(max-width: 420px) 100vw, 420px\" \/><\/div>\n\t\t\t\t\t<\/a><div class=\"loop-button-wrap button-layout3\"><div class=\"wp-block-button wc-block-grid__product-add-to-cart\"><a href=\"https:\/\/cabocoart.com\/produto\/banco-tamandua\/\" aria-label=\"Read more about &ldquo;Banco Tamandu\u00e1&rdquo;\" data-quantity=\"1\" data-product_id=\"126\" data-product_sku=\"CB037CEO\" rel=\"nofollow\" class=\"wp-block-button__link add_to_cart_button\">Read more<\/a><\/div><\/div><\/div><a href=\"https:\/\/cabocoart.com\/produto\/banco-tamandua\/\" class=\"wc-block-grid__product-link\">\n\t\t\t\t\t<div class=\"wc-block-grid__product-title\">Banco Tamandu\u00e1<\/div>\n\t\t\t\t<\/a><div class=\"wc-block-grid__product-price price\"><\/div><\/li><\/ul><\/div>","protected":false},"excerpt":{"rendered":"<p>Maria do Carmo dos Santos, better known as Neguinha, put her hands in clay when she was a little girl. Her first creations were the traditional clay pots, widely used [&hellip;]<\/p>\n","protected":false},"author":1,"featured_media":0,"parent":0,"menu_order":0,"comment_status":"closed","ping_status":"closed","template":"","meta":{"footnotes":""},"_links":{"self":[{"href":"https:\/\/cabocoart.com\/en\/wp-json\/wp\/v2\/pages\/1096"}],"collection":[{"href":"https:\/\/cabocoart.com\/en\/wp-json\/wp\/v2\/pages"}],"about":[{"href":"https:\/\/cabocoart.com\/en\/wp-json\/wp\/v2\/types\/page"}],"author":[{"embeddable":true,"href":"https:\/\/cabocoart.com\/en\/wp-json\/wp\/v2\/users\/1"}],"replies":[{"embeddable":true,"href":"https:\/\/cabocoart.com\/en\/wp-json\/wp\/v2\/comments?post=1096"}],"version-history":[{"count":3,"href":"https:\/\/cabocoart.com\/en\/wp-json\/wp\/v2\/pages\/1096\/revisions"}],"predecessor-version":[{"id":1100,"href":"https:\/\/cabocoart.com\/en\/wp-json\/wp\/v2\/pages\/1096\/revisions\/1100"}],"wp:attachment":[{"href":"https:\/\/cabocoart.com\/en\/wp-json\/wp\/v2\/media?parent=1096"}],"curies":[{"name":"wp","href":"https:\/\/api.w.org\/{rel}","templated":true}]}}