{"id":1022,"date":"2022-12-02T11:56:09","date_gmt":"2022-12-02T11:56:09","guid":{"rendered":"https:\/\/cabocoart.com\/jamile-e-jailton\/"},"modified":"2022-12-09T10:46:31","modified_gmt":"2022-12-09T10:46:31","slug":"jamile-e-jailton","status":"publish","type":"page","link":"https:\/\/cabocoart.com\/en\/jamile-e-jailton\/","title":{"rendered":"Jamile e Jailton"},"content":{"rendered":"\n<p>The father gives the shape, sculpting the wood, and the daughter gives colour with the painting. These are Jailton and Jamile, artisans from Ilha do Ferro, town near the city of P\u00e3o de A\u00e7\u00facar, Alagoas state. It was watching the Mestre Fernando, one of the biggest names of craftsmanship in Alagoas, that Jailton Rodrigues decided to try to give form to animals and other figures with the wood he would find, before giving them to other artisans. It was only about one year ago that father and daughter combined their talents, when Jamile, due to her father\u2019s lack of time, decided to paint one of the birds created by Jailton, giving birth to a work with unique and remarkable identity that pushed the reach of their art.<\/p>\n<div data-block-name=\"woocommerce\/product-category\" data-categories=\"[183]\" class=\"wc-block-grid wp-block-product-category wc-block-product-category has-3-columns has-multiple-rows\"><ul class=\"wc-block-grid__products\"><li class=\"wc-block-grid__product product-grid \">\n\t\t\t\t<div class=\"loop-image-wrap botiga-add-to-cart-button-layout3\">\n\t\t\t\t\t<a href=\"https:\/\/cabocoart.com\/produto\/passaros-coloridos\/\" class=\"wc-block-grid__product-link\">\n\t\t\t\t\t\t<div class=\"wc-block-grid__product-image\"><img fetchpriority=\"high\" decoding=\"async\" width=\"420\" height=\"525\" src=\"https:\/\/cabocoart.com\/wp-content\/uploads\/2022\/12\/JAILTON-PASSAROS-COLORIDOS-CABOCO-GP682CL3-capa-420x525.jpg\" class=\"attachment-woocommerce_thumbnail size-woocommerce_thumbnail\" alt=\"P\u00e1ssaros coloridos\" srcset=\"https:\/\/cabocoart.com\/wp-content\/uploads\/2022\/12\/JAILTON-PASSAROS-COLORIDOS-CABOCO-GP682CL3-capa-420x525.jpg 420w, https:\/\/cabocoart.com\/wp-content\/uploads\/2022\/12\/JAILTON-PASSAROS-COLORIDOS-CABOCO-GP682CL3-capa-240x300.jpg 240w, https:\/\/cabocoart.com\/wp-content\/uploads\/2022\/12\/JAILTON-PASSAROS-COLORIDOS-CABOCO-GP682CL3-capa-819x1024.jpg 819w, https:\/\/cabocoart.com\/wp-content\/uploads\/2022\/12\/JAILTON-PASSAROS-COLORIDOS-CABOCO-GP682CL3-capa-768x960.jpg 768w, https:\/\/cabocoart.com\/wp-content\/uploads\/2022\/12\/JAILTON-PASSAROS-COLORIDOS-CABOCO-GP682CL3-capa-920x1150.jpg 920w, https:\/\/cabocoart.com\/wp-content\/uploads\/2022\/12\/JAILTON-PASSAROS-COLORIDOS-CABOCO-GP682CL3-capa-575x719.jpg 575w, https:\/\/cabocoart.com\/wp-content\/uploads\/2022\/12\/JAILTON-PASSAROS-COLORIDOS-CABOCO-GP682CL3-capa-380x475.jpg 380w, https:\/\/cabocoart.com\/wp-content\/uploads\/2022\/12\/JAILTON-PASSAROS-COLORIDOS-CABOCO-GP682CL3-capa-800x1000.jpg 800w, https:\/\/cabocoart.com\/wp-content\/uploads\/2022\/12\/JAILTON-PASSAROS-COLORIDOS-CABOCO-GP682CL3-capa.jpg 1000w\" sizes=\"(max-width: 420px) 100vw, 420px\" \/><\/div>\n\t\t\t\t\t<\/a><div class=\"loop-button-wrap button-layout3\"><div class=\"wp-block-button wc-block-grid__product-add-to-cart\"><a href=\"https:\/\/cabocoart.com\/produto\/passaros-coloridos\/\" aria-label=\"Read more about &ldquo;P\u00e1ssaros coloridos&rdquo;\" data-quantity=\"1\" data-product_id=\"890\" data-product_sku=\"\" rel=\"nofollow\" class=\"wp-block-button__link add_to_cart_button\">Read more<\/a><\/div><\/div><\/div><a href=\"https:\/\/cabocoart.com\/produto\/passaros-coloridos\/\" class=\"wc-block-grid__product-link\">\n\t\t\t\t\t<div class=\"wc-block-grid__product-title\">P\u00e1ssaros coloridos<\/div>\n\t\t\t\t<\/a><div class=\"wc-block-grid__product-price price\"><\/div><\/li><\/ul><\/div>","protected":false},"excerpt":{"rendered":"<p>The father gives the shape, sculpting the wood, and the daughter gives colour with the painting. These are Jailton and Jamile, artisans from Ilha do Ferro, town near the city [&hellip;]<\/p>\n","protected":false},"author":1,"featured_media":0,"parent":0,"menu_order":0,"comment_status":"closed","ping_status":"closed","template":"","meta":{"footnotes":""},"_links":{"self":[{"href":"https:\/\/cabocoart.com\/en\/wp-json\/wp\/v2\/pages\/1022"}],"collection":[{"href":"https:\/\/cabocoart.com\/en\/wp-json\/wp\/v2\/pages"}],"about":[{"href":"https:\/\/cabocoart.com\/en\/wp-json\/wp\/v2\/types\/page"}],"author":[{"embeddable":true,"href":"https:\/\/cabocoart.com\/en\/wp-json\/wp\/v2\/users\/1"}],"replies":[{"embeddable":true,"href":"https:\/\/cabocoart.com\/en\/wp-json\/wp\/v2\/comments?post=1022"}],"version-history":[{"count":1,"href":"https:\/\/cabocoart.com\/en\/wp-json\/wp\/v2\/pages\/1022\/revisions"}],"predecessor-version":[{"id":1023,"href":"https:\/\/cabocoart.com\/en\/wp-json\/wp\/v2\/pages\/1022\/revisions\/1023"}],"wp:attachment":[{"href":"https:\/\/cabocoart.com\/en\/wp-json\/wp\/v2\/media?parent=1022"}],"curies":[{"name":"wp","href":"https:\/\/api.w.org\/{rel}","templated":true}]}}