{"id":926,"date":"2022-12-02T12:16:09","date_gmt":"2022-12-02T12:16:09","guid":{"rendered":"https:\/\/cabocoart.com\/?post_type=product&#038;p=926"},"modified":"2025-09-15T14:50:22","modified_gmt":"2025-09-15T14:50:22","slug":"balaio","status":"publish","type":"product","link":"https:\/\/cabocoart.com\/de\/produto\/balaio\/","title":{"rendered":"Balaio"},"content":{"rendered":"<p>Balaio tran\u00e7ado em fibra de arum\u00e3 em duas cores: natural e preto.<\/p>\n<p><span style=\"font-weight: 400;\">O povo ind\u00edgena baniw\u00e1 vive no norte do Brasil na fronteira com Col\u00f4mbia e Venezuela. S\u00e3o cerca de 12 mil pessoas apenas. Vivem da sua pr\u00f3pria agricultura.\u00a0<\/span><span style=\"font-weight: 400;\">Trabalham manualmente fibras\u00a0 de arum\u00e3 na produ\u00e7\u00e3o de v\u00e1rios tipos de cestaria: balaios, urutu, peneiras e jarros.\u00a0<\/span><span style=\"font-weight: 400;\">O desenho do tran\u00e7ado formando quadrados conc\u00eantricos (wal\u00e1iapo em Baniwa: balaio-ele v\u00ea), sem o uso de talas coloridas, \u00e9 o primeiro que toda crian\u00e7a aprende e aparece no fundo de todo urutu.\u00a0<\/span><span style=\"font-weight: 400;\">Atrav\u00e9s das t\u00e9cnicas do tran\u00e7ado, v\u00e1rios motivos geom\u00e9tricos podem ser criados, todos com um significado simb\u00f3lico espec\u00edfico.<\/span><\/p>\n","protected":false},"excerpt":{"rendered":"<p>Balaio tran\u00e7ado em fibra de arum\u00e3 em duas cores: natural e preto.<\/p>\n","protected":false},"featured_media":927,"template":"","meta":[],"product_cat":[23,184,186],"product_tag":[187,179,180,54,27,181],"_links":{"self":[{"href":"https:\/\/cabocoart.com\/de\/wp-json\/wp\/v2\/product\/926"}],"collection":[{"href":"https:\/\/cabocoart.com\/de\/wp-json\/wp\/v2\/product"}],"about":[{"href":"https:\/\/cabocoart.com\/de\/wp-json\/wp\/v2\/types\/product"}],"wp:featuredmedia":[{"embeddable":true,"href":"https:\/\/cabocoart.com\/de\/wp-json\/wp\/v2\/media\/927"}],"wp:attachment":[{"href":"https:\/\/cabocoart.com\/de\/wp-json\/wp\/v2\/media?parent=926"}],"wp:term":[{"taxonomy":"product_cat","embeddable":true,"href":"https:\/\/cabocoart.com\/de\/wp-json\/wp\/v2\/product_cat?post=926"},{"taxonomy":"product_tag","embeddable":true,"href":"https:\/\/cabocoart.com\/de\/wp-json\/wp\/v2\/product_tag?post=926"}],"curies":[{"name":"wp","href":"https:\/\/api.w.org\/{rel}","templated":true}]}}