{"id":913,"date":"2022-12-02T12:00:33","date_gmt":"2022-12-02T12:00:33","guid":{"rendered":"https:\/\/cabocoart.com\/?post_type=product&#038;p=913"},"modified":"2025-09-11T16:38:19","modified_gmt":"2025-09-11T16:38:19","slug":"anjo-azul","status":"publish","type":"product","link":"https:\/\/cabocoart.com\/de\/produto\/anjo-azul\/","title":{"rendered":"Anjo Azul"},"content":{"rendered":"<p>Anjo esculpido em madeira umburana.<\/p>\n<p><span style=\"font-weight: 400;\">Nascido em Juazeiro do Norte, Francisco Graciano Cardoso mora desde a inf\u00e2ncia na zona rural do munic\u00edpio vizinho de Miss\u00e3o Velha. Com o passar dos anos, com o casamento e a vinda dos filhos, Francisco passa a ver na arte a possibilidade de melhorar as condi\u00e7\u00f5es de vida. Seu trabalho explicita sua prefer\u00eancia por elementos da natureza onde os animais ocupam lugar de destaque em suas cria\u00e7\u00f5es e as cores vivas comp\u00f5em o universo muitas vezes fant\u00e1stico de suas obras. Hoje ele vive de sua arte, mas foi um caminho \u00e1rduo at\u00e9 aqui. Trabalhou na ro\u00e7a e em pedreira. Al\u00e9m de esculpir na madeira leva para a tela a mesma tem\u00e1tica dos animais e do sert\u00e3o.<\/span><\/p>\n","protected":false},"excerpt":{"rendered":"<p>Anjo esculpido em madeira umburana.<\/p>\n","protected":false},"featured_media":914,"template":"","meta":[],"product_cat":[44,23,24,16,182],"product_tag":[49,54,37,19,177,38,185],"_links":{"self":[{"href":"https:\/\/cabocoart.com\/de\/wp-json\/wp\/v2\/product\/913"}],"collection":[{"href":"https:\/\/cabocoart.com\/de\/wp-json\/wp\/v2\/product"}],"about":[{"href":"https:\/\/cabocoart.com\/de\/wp-json\/wp\/v2\/types\/product"}],"wp:featuredmedia":[{"embeddable":true,"href":"https:\/\/cabocoart.com\/de\/wp-json\/wp\/v2\/media\/914"}],"wp:attachment":[{"href":"https:\/\/cabocoart.com\/de\/wp-json\/wp\/v2\/media?parent=913"}],"wp:term":[{"taxonomy":"product_cat","embeddable":true,"href":"https:\/\/cabocoart.com\/de\/wp-json\/wp\/v2\/product_cat?post=913"},{"taxonomy":"product_tag","embeddable":true,"href":"https:\/\/cabocoart.com\/de\/wp-json\/wp\/v2\/product_tag?post=913"}],"curies":[{"name":"wp","href":"https:\/\/api.w.org\/{rel}","templated":true}]}}