{"id":90,"date":"2022-07-08T15:55:00","date_gmt":"2022-07-08T15:55:00","guid":{"rendered":"https:\/\/cabocoart.com.hiddenbox.org\/?post_type=product&#038;p=90"},"modified":"2025-09-11T16:46:43","modified_gmt":"2025-09-11T16:46:43","slug":"laursa","status":"publish","type":"product","link":"https:\/\/cabocoart.com\/de\/produto\/laursa\/","title":{"rendered":"Laursa"},"content":{"rendered":"<p>Escultura em cer\u00e2mica massap\u00e9 representando a Laursa.<\/p>\n<p>Laursa \u00e9 um bloco carnavalesco e faz alus\u00e3o a um urso dan\u00e7arino que arrecadava dinheiro nas pra\u00e7as p\u00fablicas europeias (s\u00e9culo XIX). Uma brincadeira de carnaval, que com as migra\u00e7\u00f5es europeias se inseriram no imagin\u00e1rio da cultura nordestina.<span class=\"Apple-converted-space\">\u00a0<\/span><\/p>\n<p>O Artes\u00e3o Antonio Rodrigues, de Caruaru, PE, d\u00e1 continuidade a arte de seu pai, Z\u00e9 Caboclo. Utiliza esp\u00e1tula, faca, pente e instrumentos improvisados na cer\u00e2mica massap\u00e9. Sua arte figurativa fala muito do folclore de Pernambuco.<span class=\"Apple-converted-space\">\u00a0<\/span><\/p>\n","protected":false},"excerpt":{"rendered":"<p>Escultura em cer\u00e2mica massap\u00e9 representando a Laursa.<\/p>\n<p>&nbsp;<\/p>\n","protected":false},"featured_media":95,"template":"","meta":[],"product_cat":[31,23,24,32],"product_tag":[25],"_links":{"self":[{"href":"https:\/\/cabocoart.com\/de\/wp-json\/wp\/v2\/product\/90"}],"collection":[{"href":"https:\/\/cabocoart.com\/de\/wp-json\/wp\/v2\/product"}],"about":[{"href":"https:\/\/cabocoart.com\/de\/wp-json\/wp\/v2\/types\/product"}],"wp:featuredmedia":[{"embeddable":true,"href":"https:\/\/cabocoart.com\/de\/wp-json\/wp\/v2\/media\/95"}],"wp:attachment":[{"href":"https:\/\/cabocoart.com\/de\/wp-json\/wp\/v2\/media?parent=90"}],"wp:term":[{"taxonomy":"product_cat","embeddable":true,"href":"https:\/\/cabocoart.com\/de\/wp-json\/wp\/v2\/product_cat?post=90"},{"taxonomy":"product_tag","embeddable":true,"href":"https:\/\/cabocoart.com\/de\/wp-json\/wp\/v2\/product_tag?post=90"}],"curies":[{"name":"wp","href":"https:\/\/api.w.org\/{rel}","templated":true}]}}