{"id":890,"date":"2022-12-02T11:53:12","date_gmt":"2022-12-02T11:53:12","guid":{"rendered":"https:\/\/cabocoart.com\/?post_type=product&#038;p=890"},"modified":"2025-09-11T16:57:58","modified_gmt":"2025-09-11T16:57:58","slug":"passaros-coloridos","status":"publish","type":"product","link":"https:\/\/cabocoart.com\/de\/produto\/passaros-coloridos\/","title":{"rendered":"P\u00e1ssaros coloridos"},"content":{"rendered":"<p>P\u00e1ssaros esculpidos em madeira e pintados \u00e0 m\u00e3o. O pre\u00e7o \u00e9 por UNIDADE. Cores sortidas, escolhido aleatoriamente.<\/p>\n<p><span style=\"font-weight: 400;\">O pai d\u00e1 forma entalhando e esculpindo a madeira, a filha d\u00e1 cor com a pintura. Esses s\u00e3o Jailton e Jamile, artes\u00e3os da j\u00e1 famosa Ilha do Ferro, povoado da cidade de P\u00e3o de A\u00e7\u00facar, em Alagoas. Em madeira de Mulungu, \u00e1rvore muito comum no Nordeste brasileiro, p\u00e1ssaros e lagartos coloridos surgem com identidade \u00fanica e marcante pelo trabalho da dupla.<\/span><\/p>\n","protected":false},"excerpt":{"rendered":"<p>P\u00e1ssaros esculpidos em madeira e pintados \u00e0 m\u00e3o. O pre\u00e7o \u00e9 por UNIDADE. Cores sortidas, escolhido aleatoriamente.<\/p>\n","protected":false},"featured_media":897,"template":"","meta":[],"product_cat":[23,24,16,183],"product_tag":[18,49,54,57,39,38],"_links":{"self":[{"href":"https:\/\/cabocoart.com\/de\/wp-json\/wp\/v2\/product\/890"}],"collection":[{"href":"https:\/\/cabocoart.com\/de\/wp-json\/wp\/v2\/product"}],"about":[{"href":"https:\/\/cabocoart.com\/de\/wp-json\/wp\/v2\/types\/product"}],"wp:featuredmedia":[{"embeddable":true,"href":"https:\/\/cabocoart.com\/de\/wp-json\/wp\/v2\/media\/897"}],"wp:attachment":[{"href":"https:\/\/cabocoart.com\/de\/wp-json\/wp\/v2\/media?parent=890"}],"wp:term":[{"taxonomy":"product_cat","embeddable":true,"href":"https:\/\/cabocoart.com\/de\/wp-json\/wp\/v2\/product_cat?post=890"},{"taxonomy":"product_tag","embeddable":true,"href":"https:\/\/cabocoart.com\/de\/wp-json\/wp\/v2\/product_tag?post=890"}],"curies":[{"name":"wp","href":"https:\/\/api.w.org\/{rel}","templated":true}]}}