{"id":81,"date":"2022-07-08T15:16:36","date_gmt":"2022-07-08T15:16:36","guid":{"rendered":"https:\/\/cabocoart.com.hiddenbox.org\/?post_type=product&#038;p=81"},"modified":"2025-09-11T17:01:05","modified_gmt":"2025-09-11T17:01:05","slug":"passaro","status":"publish","type":"product","link":"https:\/\/cabocoart.com\/de\/produto\/passaro\/","title":{"rendered":"P\u00e1ssaro"},"content":{"rendered":"<p>P\u00e1ssaro esculpido em madeira Mulungu, pintado.<\/p>\n<p>O Artes\u00e3o Salvinho, da Ilha do Ferro, AL, \u00e0s margens do Rio S\u00e3o Francisco, transforma as madeiras encontradas no agreste em objetos e animais conforme o desenho pr\u00f3prio da madeira. Utiliza cores vibrantes e encantadoras.<span class=\"Apple-converted-space\">\u00a0<\/span><\/p>\n","protected":false},"excerpt":{"rendered":"<p>P\u00e1ssaro esculpido em madeira Mulungu, pintado.<\/p>\n","protected":false},"featured_media":82,"template":"","meta":[],"product_cat":[23,24,36],"product_tag":[27,37,19,39,38],"_links":{"self":[{"href":"https:\/\/cabocoart.com\/de\/wp-json\/wp\/v2\/product\/81"}],"collection":[{"href":"https:\/\/cabocoart.com\/de\/wp-json\/wp\/v2\/product"}],"about":[{"href":"https:\/\/cabocoart.com\/de\/wp-json\/wp\/v2\/types\/product"}],"wp:featuredmedia":[{"embeddable":true,"href":"https:\/\/cabocoart.com\/de\/wp-json\/wp\/v2\/media\/82"}],"wp:attachment":[{"href":"https:\/\/cabocoart.com\/de\/wp-json\/wp\/v2\/media?parent=81"}],"wp:term":[{"taxonomy":"product_cat","embeddable":true,"href":"https:\/\/cabocoart.com\/de\/wp-json\/wp\/v2\/product_cat?post=81"},{"taxonomy":"product_tag","embeddable":true,"href":"https:\/\/cabocoart.com\/de\/wp-json\/wp\/v2\/product_tag?post=81"}],"curies":[{"name":"wp","href":"https:\/\/api.w.org\/{rel}","templated":true}]}}