{"id":776,"date":"2022-11-01T20:00:19","date_gmt":"2022-11-01T20:00:19","guid":{"rendered":"https:\/\/cabocoart.com\/?post_type=product&#038;p=776"},"modified":"2025-09-15T14:50:22","modified_gmt":"2025-09-15T14:50:22","slug":"cesto-kunho-bordado","status":"publish","type":"product","link":"https:\/\/cabocoart.com\/de\/produto\/cesto-kunho-bordado\/","title":{"rendered":"Cesto kunho bordado"},"content":{"rendered":"<p><span data-sheets-value=\"{&quot;1&quot;:2,&quot;2&quot;:&quot;cesto tran\u00e7ado em broto de buriti , na sua cor natural, bordado em fios de algod\u00e3o multicoloridos . as pe\u00e7as s\u00e3o executadas pelas mulheres da aldeia ind\u00edgena Kmayur\u00e1, localizada no alto Xingu, Mato Grosso. As cores s\u00e3o escolhidas trazendo combina\u00e7\u00f5es alegres em desenhos normalemnete geom\u00e9tricos.&quot;}\" data-sheets-userformat=\"{&quot;2&quot;:35709,&quot;3&quot;:{&quot;1&quot;:0},&quot;5&quot;:{&quot;1&quot;:[{&quot;1&quot;:2,&quot;2&quot;:0,&quot;5&quot;:{&quot;1&quot;:2,&quot;2&quot;:12040119}},{&quot;1&quot;:0,&quot;2&quot;:0,&quot;3&quot;:3},{&quot;1&quot;:1,&quot;2&quot;:0,&quot;4&quot;:1}]},&quot;6&quot;:{&quot;1&quot;:[{&quot;1&quot;:2,&quot;2&quot;:0,&quot;5&quot;:{&quot;1&quot;:2,&quot;2&quot;:12040119}},{&quot;1&quot;:0,&quot;2&quot;:0,&quot;3&quot;:3},{&quot;1&quot;:1,&quot;2&quot;:0,&quot;4&quot;:1}]},&quot;7&quot;:{&quot;1&quot;:[{&quot;1&quot;:2,&quot;2&quot;:0,&quot;5&quot;:{&quot;1&quot;:2,&quot;2&quot;:12040119}},{&quot;1&quot;:0,&quot;2&quot;:0,&quot;3&quot;:3},{&quot;1&quot;:1,&quot;2&quot;:0,&quot;4&quot;:1}]},&quot;8&quot;:{&quot;1&quot;:[{&quot;1&quot;:2,&quot;2&quot;:0,&quot;5&quot;:{&quot;1&quot;:2,&quot;2&quot;:12040119}},{&quot;1&quot;:0,&quot;2&quot;:0,&quot;3&quot;:3},{&quot;1&quot;:1,&quot;2&quot;:0,&quot;4&quot;:1}]},&quot;9&quot;:1,&quot;11&quot;:4,&quot;12&quot;:0,&quot;14&quot;:{&quot;1&quot;:2,&quot;2&quot;:6710886},&quot;18&quot;:1}\">Cesto tran\u00e7ado em broto de buriti, na sua cor natural, bordado em fios de algod\u00e3o multicoloridos.<\/span><\/p>\n<p>As pe\u00e7as s\u00e3o executadas pelas mulheres da aldeia ind\u00edgena Kamayur\u00e1, localizada no alto Xingu, Mato Grosso. As cores s\u00e3o escolhidas trazendo combina\u00e7\u00f5es alegres em desenhos normalmente geom\u00e9tricos.<\/p>\n<p><span data-sheets-value=\"{&quot;1&quot;:2,&quot;2&quot;:&quot;cesto tran\u00e7ado em broto de buriti , na sua cor natural, bordado em fios de algod\u00e3o multicoloridos . as pe\u00e7as s\u00e3o executadas pelas mulheres da aldeia ind\u00edgena Kmayur\u00e1, localizada no alto Xingu, Mato Grosso. As cores s\u00e3o escolhidas trazendo combina\u00e7\u00f5es alegres em desenhos normalemnete geom\u00e9tricos.&quot;}\" data-sheets-userformat=\"{&quot;2&quot;:35709,&quot;3&quot;:{&quot;1&quot;:0},&quot;5&quot;:{&quot;1&quot;:[{&quot;1&quot;:2,&quot;2&quot;:0,&quot;5&quot;:{&quot;1&quot;:2,&quot;2&quot;:12040119}},{&quot;1&quot;:0,&quot;2&quot;:0,&quot;3&quot;:3},{&quot;1&quot;:1,&quot;2&quot;:0,&quot;4&quot;:1}]},&quot;6&quot;:{&quot;1&quot;:[{&quot;1&quot;:2,&quot;2&quot;:0,&quot;5&quot;:{&quot;1&quot;:2,&quot;2&quot;:12040119}},{&quot;1&quot;:0,&quot;2&quot;:0,&quot;3&quot;:3},{&quot;1&quot;:1,&quot;2&quot;:0,&quot;4&quot;:1}]},&quot;7&quot;:{&quot;1&quot;:[{&quot;1&quot;:2,&quot;2&quot;:0,&quot;5&quot;:{&quot;1&quot;:2,&quot;2&quot;:12040119}},{&quot;1&quot;:0,&quot;2&quot;:0,&quot;3&quot;:3},{&quot;1&quot;:1,&quot;2&quot;:0,&quot;4&quot;:1}]},&quot;8&quot;:{&quot;1&quot;:[{&quot;1&quot;:2,&quot;2&quot;:0,&quot;5&quot;:{&quot;1&quot;:2,&quot;2&quot;:12040119}},{&quot;1&quot;:0,&quot;2&quot;:0,&quot;3&quot;:3},{&quot;1&quot;:1,&quot;2&quot;:0,&quot;4&quot;:1}]},&quot;9&quot;:1,&quot;11&quot;:4,&quot;12&quot;:0,&quot;14&quot;:{&quot;1&quot;:2,&quot;2&quot;:6710886},&quot;18&quot;:1}\">\u00a0<\/span><\/p>\n","protected":false},"excerpt":{"rendered":"<p><span data-sheets-value=\"{&quot;1&quot;:2,&quot;2&quot;:&quot;cesto tran\u00e7ado em broto de buriti , na sua cor natural, bordado em fios de algod\u00e3o multicoloridos . as pe\u00e7as s\u00e3o executadas pelas mulheres da aldeia ind\u00edgena Kmayur\u00e1, localizada no alto Xingu, Mato Grosso. As cores s\u00e3o escolhidas trazendo combina\u00e7\u00f5es alegres em desenhos normalemnete geom\u00e9tricos.&quot;}\" data-sheets-userformat=\"{&quot;2&quot;:35709,&quot;3&quot;:{&quot;1&quot;:0},&quot;5&quot;:{&quot;1&quot;:[{&quot;1&quot;:2,&quot;2&quot;:0,&quot;5&quot;:{&quot;1&quot;:2,&quot;2&quot;:12040119}},{&quot;1&quot;:0,&quot;2&quot;:0,&quot;3&quot;:3},{&quot;1&quot;:1,&quot;2&quot;:0,&quot;4&quot;:1}]},&quot;6&quot;:{&quot;1&quot;:[{&quot;1&quot;:2,&quot;2&quot;:0,&quot;5&quot;:{&quot;1&quot;:2,&quot;2&quot;:12040119}},{&quot;1&quot;:0,&quot;2&quot;:0,&quot;3&quot;:3},{&quot;1&quot;:1,&quot;2&quot;:0,&quot;4&quot;:1}]},&quot;7&quot;:{&quot;1&quot;:[{&quot;1&quot;:2,&quot;2&quot;:0,&quot;5&quot;:{&quot;1&quot;:2,&quot;2&quot;:12040119}},{&quot;1&quot;:0,&quot;2&quot;:0,&quot;3&quot;:3},{&quot;1&quot;:1,&quot;2&quot;:0,&quot;4&quot;:1}]},&quot;8&quot;:{&quot;1&quot;:[{&quot;1&quot;:2,&quot;2&quot;:0,&quot;5&quot;:{&quot;1&quot;:2,&quot;2&quot;:12040119}},{&quot;1&quot;:0,&quot;2&quot;:0,&quot;3&quot;:3},{&quot;1&quot;:1,&quot;2&quot;:0,&quot;4&quot;:1}]},&quot;9&quot;:1,&quot;11&quot;:4,&quot;12&quot;:0,&quot;14&quot;:{&quot;1&quot;:2,&quot;2&quot;:6710886},&quot;18&quot;:1}\">Cesto tran\u00e7ado em broto de buriti, na sua cor natural, bordado em fios de algod\u00e3o multicoloridos.<\/span><\/p>\n","protected":false},"featured_media":786,"template":"","meta":[],"product_cat":[23,24,178,52],"product_tag":[179,180,27,181,55],"_links":{"self":[{"href":"https:\/\/cabocoart.com\/de\/wp-json\/wp\/v2\/product\/776"}],"collection":[{"href":"https:\/\/cabocoart.com\/de\/wp-json\/wp\/v2\/product"}],"about":[{"href":"https:\/\/cabocoart.com\/de\/wp-json\/wp\/v2\/types\/product"}],"wp:featuredmedia":[{"embeddable":true,"href":"https:\/\/cabocoart.com\/de\/wp-json\/wp\/v2\/media\/786"}],"wp:attachment":[{"href":"https:\/\/cabocoart.com\/de\/wp-json\/wp\/v2\/media?parent=776"}],"wp:term":[{"taxonomy":"product_cat","embeddable":true,"href":"https:\/\/cabocoart.com\/de\/wp-json\/wp\/v2\/product_cat?post=776"},{"taxonomy":"product_tag","embeddable":true,"href":"https:\/\/cabocoart.com\/de\/wp-json\/wp\/v2\/product_tag?post=776"}],"curies":[{"name":"wp","href":"https:\/\/api.w.org\/{rel}","templated":true}]}}