{"id":770,"date":"2022-11-01T16:50:04","date_gmt":"2022-11-01T16:50:04","guid":{"rendered":"https:\/\/cabocoart.com\/?post_type=product&#038;p=770"},"modified":"2025-09-11T16:40:39","modified_gmt":"2025-09-11T16:40:39","slug":"cabeca-ex-voto","status":"publish","type":"product","link":"https:\/\/cabocoart.com\/de\/produto\/cabeca-ex-voto\/","title":{"rendered":"Cabe\u00e7a &#8222;ex-voto&#8220;"},"content":{"rendered":"<p><span style=\"font-weight: 400;\">Entalhe em madeira umburana, representando &#8222;ex votos&#8220;. <\/span><\/p>\n<p><span style=\"font-weight: 400;\">Trabalho do artes\u00e3o H\u00e9rcules de Alagoas, que j\u00e1 esculpe desde os 12 anos de idade. Aos 16 anos j\u00e1 tinha pe\u00e7as de sua autoria, espalhadas por algumas galerias no exterior.<\/span><\/p>\n","protected":false},"excerpt":{"rendered":"<p><span style=\"font-weight: 400;\">Entalhe em madeira umburana, representando &#8222;ex votos&#8220;.<\/span><\/p>\n","protected":false},"featured_media":774,"template":"","meta":[],"product_cat":[23,24,16,176],"product_tag":[18,49,82,54,27,37,19,177,20],"_links":{"self":[{"href":"https:\/\/cabocoart.com\/de\/wp-json\/wp\/v2\/product\/770"}],"collection":[{"href":"https:\/\/cabocoart.com\/de\/wp-json\/wp\/v2\/product"}],"about":[{"href":"https:\/\/cabocoart.com\/de\/wp-json\/wp\/v2\/types\/product"}],"wp:featuredmedia":[{"embeddable":true,"href":"https:\/\/cabocoart.com\/de\/wp-json\/wp\/v2\/media\/774"}],"wp:attachment":[{"href":"https:\/\/cabocoart.com\/de\/wp-json\/wp\/v2\/media?parent=770"}],"wp:term":[{"taxonomy":"product_cat","embeddable":true,"href":"https:\/\/cabocoart.com\/de\/wp-json\/wp\/v2\/product_cat?post=770"},{"taxonomy":"product_tag","embeddable":true,"href":"https:\/\/cabocoart.com\/de\/wp-json\/wp\/v2\/product_tag?post=770"}],"curies":[{"name":"wp","href":"https:\/\/api.w.org\/{rel}","templated":true}]}}