{"id":72,"date":"2022-07-08T10:46:53","date_gmt":"2022-07-08T10:46:53","guid":{"rendered":"https:\/\/cabocoart.com.hiddenbox.org\/?post_type=product&#038;p=72"},"modified":"2025-09-11T16:44:27","modified_gmt":"2025-09-11T16:44:27","slug":"escola-de-animais","status":"publish","type":"product","link":"https:\/\/cabocoart.com\/de\/produto\/escola-de-animais\/","title":{"rendered":"Escola de animais"},"content":{"rendered":"<p>Escultura representando animais reunidos em uma sala de aula.<\/p>\n<p>O Artes\u00e3o Antonio Rodrigues, de Caruaru, PE, d\u00e1 continuidade a arte de seu pai, Z\u00e9 Caboclo. Utiliza esp\u00e1tula, faca, pente e instrumentos improvisados na cer\u00e2mica massap\u00e9. Sua arte figurativa fala muito do folclore de Pernambuco.<span class=\"Apple-converted-space\">\u00a0<\/span><\/p>\n","protected":false},"excerpt":{"rendered":"<p>Escultura representando animais reunidos em uma sala de aula.<\/p>\n","protected":false},"featured_media":73,"template":"","meta":[],"product_cat":[31,23,33,32],"product_tag":[25,29,35],"_links":{"self":[{"href":"https:\/\/cabocoart.com\/de\/wp-json\/wp\/v2\/product\/72"}],"collection":[{"href":"https:\/\/cabocoart.com\/de\/wp-json\/wp\/v2\/product"}],"about":[{"href":"https:\/\/cabocoart.com\/de\/wp-json\/wp\/v2\/types\/product"}],"wp:featuredmedia":[{"embeddable":true,"href":"https:\/\/cabocoart.com\/de\/wp-json\/wp\/v2\/media\/73"}],"wp:attachment":[{"href":"https:\/\/cabocoart.com\/de\/wp-json\/wp\/v2\/media?parent=72"}],"wp:term":[{"taxonomy":"product_cat","embeddable":true,"href":"https:\/\/cabocoart.com\/de\/wp-json\/wp\/v2\/product_cat?post=72"},{"taxonomy":"product_tag","embeddable":true,"href":"https:\/\/cabocoart.com\/de\/wp-json\/wp\/v2\/product_tag?post=72"}],"curies":[{"name":"wp","href":"https:\/\/api.w.org\/{rel}","templated":true}]}}