{"id":44,"date":"2022-07-07T15:50:53","date_gmt":"2022-07-07T15:50:53","guid":{"rendered":"https:\/\/cabocoart.com.hiddenbox.org\/?post_type=product&#038;p=44"},"modified":"2025-09-11T16:44:37","modified_gmt":"2025-09-11T16:44:37","slug":"cavaleiro-e-o-boi","status":"publish","type":"product","link":"https:\/\/cabocoart.com\/de\/produto\/cavaleiro-e-o-boi\/","title":{"rendered":"Cavaleiro e boi"},"content":{"rendered":"<p>Um cavaleiro carregando flores e vestindo trajes t\u00edpicos do Nordeste brasileiro, delicadamente esculpido, conduzindo um boi.<\/p>\n<p>O Artes\u00e3o Antonio Rodrigues, de Caruaru, PE, d\u00e1 continuidade a arte de seu pai, Z\u00e9 Caboclo. Utiliza esp\u00e1tula, faca, pente e instrumentos improvisados na cer\u00e2mica massap\u00e9. Sua arte figurativa fala muito do folclore de Pernambuco.<span class=\"Apple-converted-space\">\u00a0<\/span><\/p>\n","protected":false},"excerpt":{"rendered":"<p>Um cavaleiro carregando flores e vestindo trajes t\u00edpicos do Nordeste brasileiro, delicadamente esculpido, conduzindo um boi.<\/p>\n","protected":false},"featured_media":59,"template":"","meta":[],"product_cat":[31,23,33,32],"product_tag":[25,29],"_links":{"self":[{"href":"https:\/\/cabocoart.com\/de\/wp-json\/wp\/v2\/product\/44"}],"collection":[{"href":"https:\/\/cabocoart.com\/de\/wp-json\/wp\/v2\/product"}],"about":[{"href":"https:\/\/cabocoart.com\/de\/wp-json\/wp\/v2\/types\/product"}],"wp:featuredmedia":[{"embeddable":true,"href":"https:\/\/cabocoart.com\/de\/wp-json\/wp\/v2\/media\/59"}],"wp:attachment":[{"href":"https:\/\/cabocoart.com\/de\/wp-json\/wp\/v2\/media?parent=44"}],"wp:term":[{"taxonomy":"product_cat","embeddable":true,"href":"https:\/\/cabocoart.com\/de\/wp-json\/wp\/v2\/product_cat?post=44"},{"taxonomy":"product_tag","embeddable":true,"href":"https:\/\/cabocoart.com\/de\/wp-json\/wp\/v2\/product_tag?post=44"}],"curies":[{"name":"wp","href":"https:\/\/api.w.org\/{rel}","templated":true}]}}