{"id":317,"date":"2022-10-11T13:40:54","date_gmt":"2022-10-11T13:40:54","guid":{"rendered":"https:\/\/cabocoart.com.hiddenbox.org\/?post_type=product&#038;p=317"},"modified":"2025-09-15T14:50:12","modified_gmt":"2025-09-15T14:50:12","slug":"jaqueira-sem-personagem","status":"publish","type":"product","link":"https:\/\/cabocoart.com\/de\/produto\/jaqueira-sem-personagem\/","title":{"rendered":"Jaqueira sem personagem"},"content":{"rendered":"<p><span data-sheets-value=\"{&quot;1&quot;:2,&quot;2&quot;:&quot;modelagem em ceramica, representando a \u00e1rvode jaqueira ,nativa do nordeste brasileiro, autora Sil do estado do Alagoas Maria Luciene da Silva Siqueira, a Sil, \u00e9 ex-cortadora de cana de a\u00e7\u00facar e hoje se tornou uma das mais expressivas artistas populares do Brasil. Diante da necessidade de se reinventar, Sil participou de v\u00e1rias oficinas do SEBRAE at\u00e9 finalmente encontrar o barro e o Mestre Jo\u00e3o das Alagoas. Ao longo dos anos Sil imprimiu um estilo pr\u00f3prio \u00e0 sua obra. Sua experi\u00eancia de vida e os costumes do seu povo s\u00e3o transmitidos \u00e0s pe\u00e7as com um realismo e um esmero que impressiona.\\n&quot;}\" data-sheets-userformat=\"{&quot;2&quot;:35709,&quot;3&quot;:{&quot;1&quot;:0},&quot;5&quot;:{&quot;1&quot;:[{&quot;1&quot;:2,&quot;2&quot;:0,&quot;5&quot;:{&quot;1&quot;:2,&quot;2&quot;:12040119}},{&quot;1&quot;:0,&quot;2&quot;:0,&quot;3&quot;:3},{&quot;1&quot;:1,&quot;2&quot;:0,&quot;4&quot;:1}]},&quot;6&quot;:{&quot;1&quot;:[{&quot;1&quot;:2,&quot;2&quot;:0,&quot;5&quot;:{&quot;1&quot;:2,&quot;2&quot;:12040119}},{&quot;1&quot;:0,&quot;2&quot;:0,&quot;3&quot;:3},{&quot;1&quot;:1,&quot;2&quot;:0,&quot;4&quot;:1}]},&quot;7&quot;:{&quot;1&quot;:[{&quot;1&quot;:2,&quot;2&quot;:0,&quot;5&quot;:{&quot;1&quot;:2,&quot;2&quot;:12040119}},{&quot;1&quot;:0,&quot;2&quot;:0,&quot;3&quot;:3},{&quot;1&quot;:1,&quot;2&quot;:0,&quot;4&quot;:1}]},&quot;8&quot;:{&quot;1&quot;:[{&quot;1&quot;:2,&quot;2&quot;:0,&quot;5&quot;:{&quot;1&quot;:2,&quot;2&quot;:12040119}},{&quot;1&quot;:0,&quot;2&quot;:0,&quot;3&quot;:3},{&quot;1&quot;:1,&quot;2&quot;:0,&quot;4&quot;:1}]},&quot;9&quot;:1,&quot;11&quot;:4,&quot;12&quot;:0,&quot;14&quot;:{&quot;1&quot;:2,&quot;2&quot;:6710886},&quot;18&quot;:1}\">Modelagem em cer\u00e2mica, representando a \u00e1rvore jaqueira, nativa do nordeste brasileiro.<\/span><\/p>\n<p><span data-sheets-value=\"{&quot;1&quot;:2,&quot;2&quot;:&quot;modelagem em ceramica, representando a \u00e1rvode jaqueira ,nativa do nordeste brasileiro, autora Sil do estado do Alagoas Maria Luciene da Silva Siqueira, a Sil, \u00e9 ex-cortadora de cana de a\u00e7\u00facar e hoje se tornou uma das mais expressivas artistas populares do Brasil. Diante da necessidade de se reinventar, Sil participou de v\u00e1rias oficinas do SEBRAE at\u00e9 finalmente encontrar o barro e o Mestre Jo\u00e3o das Alagoas. Ao longo dos anos Sil imprimiu um estilo pr\u00f3prio \u00e0 sua obra. Sua experi\u00eancia de vida e os costumes do seu povo s\u00e3o transmitidos \u00e0s pe\u00e7as com um realismo e um esmero que impressiona.\\n&quot;}\" data-sheets-userformat=\"{&quot;2&quot;:35709,&quot;3&quot;:{&quot;1&quot;:0},&quot;5&quot;:{&quot;1&quot;:[{&quot;1&quot;:2,&quot;2&quot;:0,&quot;5&quot;:{&quot;1&quot;:2,&quot;2&quot;:12040119}},{&quot;1&quot;:0,&quot;2&quot;:0,&quot;3&quot;:3},{&quot;1&quot;:1,&quot;2&quot;:0,&quot;4&quot;:1}]},&quot;6&quot;:{&quot;1&quot;:[{&quot;1&quot;:2,&quot;2&quot;:0,&quot;5&quot;:{&quot;1&quot;:2,&quot;2&quot;:12040119}},{&quot;1&quot;:0,&quot;2&quot;:0,&quot;3&quot;:3},{&quot;1&quot;:1,&quot;2&quot;:0,&quot;4&quot;:1}]},&quot;7&quot;:{&quot;1&quot;:[{&quot;1&quot;:2,&quot;2&quot;:0,&quot;5&quot;:{&quot;1&quot;:2,&quot;2&quot;:12040119}},{&quot;1&quot;:0,&quot;2&quot;:0,&quot;3&quot;:3},{&quot;1&quot;:1,&quot;2&quot;:0,&quot;4&quot;:1}]},&quot;8&quot;:{&quot;1&quot;:[{&quot;1&quot;:2,&quot;2&quot;:0,&quot;5&quot;:{&quot;1&quot;:2,&quot;2&quot;:12040119}},{&quot;1&quot;:0,&quot;2&quot;:0,&quot;3&quot;:3},{&quot;1&quot;:1,&quot;2&quot;:0,&quot;4&quot;:1}]},&quot;9&quot;:1,&quot;11&quot;:4,&quot;12&quot;:0,&quot;14&quot;:{&quot;1&quot;:2,&quot;2&quot;:6710886},&quot;18&quot;:1}\">Autora Sil do estado do Alagoas. Maria Luciene da Silva Siqueira, a Sil, \u00e9 ex-cortadora de cana de a\u00e7\u00facar e hoje se tornou uma das mais expressivas artistas populares do Brasil. Diante da necessidade de se reinventar, Sil participou de v\u00e1rias oficinas do SEBRAE at\u00e9 finalmente encontrar o barro e o Mestre Jo\u00e3o das Alagoas. Ao longo dos anos Sil imprimiu um estilo pr\u00f3prio \u00e0 sua obra. Sua experi\u00eancia de vida e os costumes do seu povo s\u00e3o transmitidos \u00e0s pe\u00e7as com um realismo e um esmero que impressiona.<br \/>\n<\/span><\/p>\n","protected":false},"excerpt":{"rendered":"<p><span data-sheets-value=\"{&quot;1&quot;:2,&quot;2&quot;:&quot;modelagem em ceramica, representando a \u00e1rvode jaqueira ,nativa do nordeste brasileiro, autora Sil do estado do Alagoas Maria Luciene da Silva Siqueira, a Sil, \u00e9 ex-cortadora de cana de a\u00e7\u00facar e hoje se tornou uma das mais expressivas artistas populares do Brasil. Diante da necessidade de se reinventar, Sil participou de v\u00e1rias oficinas do SEBRAE at\u00e9 finalmente encontrar o barro e o Mestre Jo\u00e3o das Alagoas. Ao longo dos anos Sil imprimiu um estilo pr\u00f3prio \u00e0 sua obra. Sua experi\u00eancia de vida e os costumes do seu povo s\u00e3o transmitidos \u00e0s pe\u00e7as com um realismo e um esmero que impressiona.\\n&quot;}\" data-sheets-userformat=\"{&quot;2&quot;:35709,&quot;3&quot;:{&quot;1&quot;:0},&quot;5&quot;:{&quot;1&quot;:[{&quot;1&quot;:2,&quot;2&quot;:0,&quot;5&quot;:{&quot;1&quot;:2,&quot;2&quot;:12040119}},{&quot;1&quot;:0,&quot;2&quot;:0,&quot;3&quot;:3},{&quot;1&quot;:1,&quot;2&quot;:0,&quot;4&quot;:1}]},&quot;6&quot;:{&quot;1&quot;:[{&quot;1&quot;:2,&quot;2&quot;:0,&quot;5&quot;:{&quot;1&quot;:2,&quot;2&quot;:12040119}},{&quot;1&quot;:0,&quot;2&quot;:0,&quot;3&quot;:3},{&quot;1&quot;:1,&quot;2&quot;:0,&quot;4&quot;:1}]},&quot;7&quot;:{&quot;1&quot;:[{&quot;1&quot;:2,&quot;2&quot;:0,&quot;5&quot;:{&quot;1&quot;:2,&quot;2&quot;:12040119}},{&quot;1&quot;:0,&quot;2&quot;:0,&quot;3&quot;:3},{&quot;1&quot;:1,&quot;2&quot;:0,&quot;4&quot;:1}]},&quot;8&quot;:{&quot;1&quot;:[{&quot;1&quot;:2,&quot;2&quot;:0,&quot;5&quot;:{&quot;1&quot;:2,&quot;2&quot;:12040119}},{&quot;1&quot;:0,&quot;2&quot;:0,&quot;3&quot;:3},{&quot;1&quot;:1,&quot;2&quot;:0,&quot;4&quot;:1}]},&quot;9&quot;:1,&quot;11&quot;:4,&quot;12&quot;:0,&quot;14&quot;:{&quot;1&quot;:2,&quot;2&quot;:6710886},&quot;18&quot;:1}\">Modelagem em cer\u00e2mica, representando a \u00e1rvore jaqueira, nativa do nordeste brasileiro.<\/span><\/p>\n","protected":false},"featured_media":326,"template":"","meta":[],"product_cat":[23,24,16,80],"product_tag":[81,21,82,25,27,30,83],"_links":{"self":[{"href":"https:\/\/cabocoart.com\/de\/wp-json\/wp\/v2\/product\/317"}],"collection":[{"href":"https:\/\/cabocoart.com\/de\/wp-json\/wp\/v2\/product"}],"about":[{"href":"https:\/\/cabocoart.com\/de\/wp-json\/wp\/v2\/types\/product"}],"wp:featuredmedia":[{"embeddable":true,"href":"https:\/\/cabocoart.com\/de\/wp-json\/wp\/v2\/media\/326"}],"wp:attachment":[{"href":"https:\/\/cabocoart.com\/de\/wp-json\/wp\/v2\/media?parent=317"}],"wp:term":[{"taxonomy":"product_cat","embeddable":true,"href":"https:\/\/cabocoart.com\/de\/wp-json\/wp\/v2\/product_cat?post=317"},{"taxonomy":"product_tag","embeddable":true,"href":"https:\/\/cabocoart.com\/de\/wp-json\/wp\/v2\/product_tag?post=317"}],"curies":[{"name":"wp","href":"https:\/\/api.w.org\/{rel}","templated":true}]}}