{"id":31,"date":"2022-07-07T15:16:38","date_gmt":"2022-07-07T15:16:38","guid":{"rendered":"https:\/\/cabocoart.com.hiddenbox.org\/?post_type=product&#038;p=31"},"modified":"2025-09-11T17:00:47","modified_gmt":"2025-09-11T17:00:47","slug":"cabeca-de-cuia","status":"publish","type":"product","link":"https:\/\/cabocoart.com\/de\/produto\/cabeca-de-cuia\/","title":{"rendered":"Cabe\u00e7a de cuia"},"content":{"rendered":"<p>Escultura de uma crian\u00e7a com a cabe\u00e7a grande. Essa figura representa o guardi\u00e3o das \u00e1guas dos rios no folclore do estado do Piau\u00ed.<span class=\"Apple-converted-space\">\u00a0<\/span><\/p>\n<p>Executada pelo Artes\u00e3o Dimas, descendente de \u00edndios tupinamb\u00e1 e com uma habilidade especial em esculpir a madeira com delicadeza. Utiliza a madeira Umburana de cheiro, ca\u00edda coletada no sert\u00e3o.<\/p>\n","protected":false},"excerpt":{"rendered":"<p>Escultura de uma crian\u00e7a com a cabe\u00e7a grande. Essa figura representa o guardi\u00e3o das \u00e1guas dos rios no folclore do estado do Piau\u00ed.<\/p>\n","protected":false},"featured_media":62,"template":"","meta":[],"product_cat":[23,28,16],"product_tag":[30,29,19],"_links":{"self":[{"href":"https:\/\/cabocoart.com\/de\/wp-json\/wp\/v2\/product\/31"}],"collection":[{"href":"https:\/\/cabocoart.com\/de\/wp-json\/wp\/v2\/product"}],"about":[{"href":"https:\/\/cabocoart.com\/de\/wp-json\/wp\/v2\/types\/product"}],"wp:featuredmedia":[{"embeddable":true,"href":"https:\/\/cabocoart.com\/de\/wp-json\/wp\/v2\/media\/62"}],"wp:attachment":[{"href":"https:\/\/cabocoart.com\/de\/wp-json\/wp\/v2\/media?parent=31"}],"wp:term":[{"taxonomy":"product_cat","embeddable":true,"href":"https:\/\/cabocoart.com\/de\/wp-json\/wp\/v2\/product_cat?post=31"},{"taxonomy":"product_tag","embeddable":true,"href":"https:\/\/cabocoart.com\/de\/wp-json\/wp\/v2\/product_tag?post=31"}],"curies":[{"name":"wp","href":"https:\/\/api.w.org\/{rel}","templated":true}]}}