{"id":188,"date":"2022-08-09T16:33:41","date_gmt":"2022-08-09T16:33:41","guid":{"rendered":"https:\/\/cabocoart.com.hiddenbox.org\/?post_type=product&#038;p=188"},"modified":"2025-09-11T17:00:46","modified_gmt":"2025-09-11T17:00:46","slug":"colar-de-mesa-de-sementes-amazonicas-no4","status":"publish","type":"product","link":"https:\/\/cabocoart.com\/de\/produto\/colar-de-mesa-de-sementes-amazonicas-no4\/","title":{"rendered":"Colar de mesa de sementes amaz\u00f4nicas n\u00ba4"},"content":{"rendered":"<p>Colar com sementes amaz\u00f4nicas e pe\u00e7as de madeira. Pode ser usado como adorno de mesa ou de parede.<span class=\"Apple-converted-space\">\u00a0<\/span><\/p>\n<p>Executado pelo Mestre Rodney Paiva, do Acre, que trabalha com madeira de refugo e sementes, criando biojoias de decora\u00e7\u00e3o. Faz o polimento e o tingimento utilizando pigmentos naturais. As sementes s\u00e3o de Jarina e Paxiuba, palmeiras t\u00edpicas da Amazonia. As madeiras podem ser Maracatiara, Jaqueira, Morapiranga e Paxiuba.<span class=\"Apple-converted-space\">\u00a0<\/span><\/p>\n","protected":false},"excerpt":{"rendered":"<p>Colar com sementes amaz\u00f4nicas e pe\u00e7as de madeira. Pode ser usado como adorno de mesa ou de parede.<\/p>\n","protected":false},"featured_media":147,"template":"","meta":[],"product_cat":[23,58,24,59],"product_tag":[63,65,60,62,61,64],"_links":{"self":[{"href":"https:\/\/cabocoart.com\/de\/wp-json\/wp\/v2\/product\/188"}],"collection":[{"href":"https:\/\/cabocoart.com\/de\/wp-json\/wp\/v2\/product"}],"about":[{"href":"https:\/\/cabocoart.com\/de\/wp-json\/wp\/v2\/types\/product"}],"wp:featuredmedia":[{"embeddable":true,"href":"https:\/\/cabocoart.com\/de\/wp-json\/wp\/v2\/media\/147"}],"wp:attachment":[{"href":"https:\/\/cabocoart.com\/de\/wp-json\/wp\/v2\/media?parent=188"}],"wp:term":[{"taxonomy":"product_cat","embeddable":true,"href":"https:\/\/cabocoart.com\/de\/wp-json\/wp\/v2\/product_cat?post=188"},{"taxonomy":"product_tag","embeddable":true,"href":"https:\/\/cabocoart.com\/de\/wp-json\/wp\/v2\/product_tag?post=188"}],"curies":[{"name":"wp","href":"https:\/\/api.w.org\/{rel}","templated":true}]}}