{"id":17,"date":"2022-07-04T17:53:21","date_gmt":"2022-07-04T17:53:21","guid":{"rendered":"https:\/\/cabocoart.com.hiddenbox.org\/?post_type=product&#038;p=17"},"modified":"2025-09-11T16:44:56","modified_gmt":"2025-09-11T16:44:56","slug":"cabeca","status":"publish","type":"product","link":"https:\/\/cabocoart.com\/de\/produto\/cabeca\/","title":{"rendered":"Cabe\u00e7a"},"content":{"rendered":"<p>Cabe\u00e7a de homem com chap\u00e9u esculpida em madeira Umburana.<span class=\"Apple-converted-space\">\u00a0<\/span><\/p>\n<p>Madeira Umburana que ficou ao tempo, resultando em uma colora\u00e7\u00e3o cinza natural.<span class=\"Apple-converted-space\">\u00a0<\/span><\/p>\n<p>Executada pelo Mestre Jos\u00e9 Bezerra, de Buique, PE. O Mestre tem a capacidade de ver uma figura que j\u00e1 se insinua na madeira e traz\u00ea-la \u00e0 tona com sua interven\u00e7\u00e3o rude. Procura manter o v\u00ednculo entre a figura e a madeira bruta.<\/p>\n","protected":false},"excerpt":{"rendered":"<p>Cabe\u00e7a de homem com chap\u00e9u esculpida em madeira Umburana.<\/p>\n","protected":false},"featured_media":60,"template":"","meta":[],"product_cat":[23,16,17],"product_tag":[21,18,19,20],"_links":{"self":[{"href":"https:\/\/cabocoart.com\/de\/wp-json\/wp\/v2\/product\/17"}],"collection":[{"href":"https:\/\/cabocoart.com\/de\/wp-json\/wp\/v2\/product"}],"about":[{"href":"https:\/\/cabocoart.com\/de\/wp-json\/wp\/v2\/types\/product"}],"wp:featuredmedia":[{"embeddable":true,"href":"https:\/\/cabocoart.com\/de\/wp-json\/wp\/v2\/media\/60"}],"wp:attachment":[{"href":"https:\/\/cabocoart.com\/de\/wp-json\/wp\/v2\/media?parent=17"}],"wp:term":[{"taxonomy":"product_cat","embeddable":true,"href":"https:\/\/cabocoart.com\/de\/wp-json\/wp\/v2\/product_cat?post=17"},{"taxonomy":"product_tag","embeddable":true,"href":"https:\/\/cabocoart.com\/de\/wp-json\/wp\/v2\/product_tag?post=17"}],"curies":[{"name":"wp","href":"https:\/\/api.w.org\/{rel}","templated":true}]}}