{"id":1415,"date":"2023-04-13T10:25:15","date_gmt":"2023-04-13T10:25:15","guid":{"rendered":"https:\/\/cabocoart.com\/?post_type=product&#038;p=1415"},"modified":"2025-09-15T14:50:22","modified_gmt":"2025-09-15T14:50:22","slug":"maraca-com-grafismo","status":"publish","type":"product","link":"https:\/\/cabocoart.com\/de\/produto\/maraca-com-grafismo\/","title":{"rendered":"Maraca com Grafismo"},"content":{"rendered":"<p>Maraca com grafismo, t\u00e9cnica de grava\u00e7\u00e3o em caba\u00e7a pelo povo ind\u00edgena Tikuna.<\/p>\n<p>Os Tikuna configuram o mais numeroso povo ind\u00edgena na Amaz\u00f4nia brasileira, localizados em sua maioria \u00e0s margens do Rio Solim\u00f5es, no munic\u00edpio de Benjamin Constant, regi\u00e3o conhecida como tr\u00edplice fronteira de Brasil, Peru e Col\u00f4mbia. Hoje enfrentam o desafio de garantir sua sustentabilidade econ\u00f4mica e ambiental, o que fazem mantendo viva sua riqu\u00edssima cultura, atrav\u00e9s do artesanato. Os trabalhos mais significativos s\u00e3o as cestarias com a palha de tucum\u00e3 seca, feitas tradicionalmente pelas mulheres. Os homens constroem bancos, m\u00e1scaras e instrumentos musicais. Um aspecto que merece aten\u00e7\u00e3o \u00e9 o acervo de tintas e corantes de cerca de quinze esp\u00e9cies de plantas empregadas no tingimento das fibras das cestarias.<\/p>\n","protected":false},"excerpt":{"rendered":"<p>Maraca com grafismo, t\u00e9cnica de grava\u00e7\u00e3o em caba\u00e7a pelo povo ind\u00edgena Tikuna.<\/p>\n","protected":false},"featured_media":1419,"template":"","meta":[],"product_cat":[23,223,222,221],"product_tag":[63,187,224,228,227,225,226,229],"_links":{"self":[{"href":"https:\/\/cabocoart.com\/de\/wp-json\/wp\/v2\/product\/1415"}],"collection":[{"href":"https:\/\/cabocoart.com\/de\/wp-json\/wp\/v2\/product"}],"about":[{"href":"https:\/\/cabocoart.com\/de\/wp-json\/wp\/v2\/types\/product"}],"wp:featuredmedia":[{"embeddable":true,"href":"https:\/\/cabocoart.com\/de\/wp-json\/wp\/v2\/media\/1419"}],"wp:attachment":[{"href":"https:\/\/cabocoart.com\/de\/wp-json\/wp\/v2\/media?parent=1415"}],"wp:term":[{"taxonomy":"product_cat","embeddable":true,"href":"https:\/\/cabocoart.com\/de\/wp-json\/wp\/v2\/product_cat?post=1415"},{"taxonomy":"product_tag","embeddable":true,"href":"https:\/\/cabocoart.com\/de\/wp-json\/wp\/v2\/product_tag?post=1415"}],"curies":[{"name":"wp","href":"https:\/\/api.w.org\/{rel}","templated":true}]}}