{"id":1409,"date":"2023-04-12T14:21:08","date_gmt":"2023-04-12T14:21:08","guid":{"rendered":"https:\/\/cabocoart.com\/?post_type=product&#038;p=1409"},"modified":"2025-09-15T14:50:12","modified_gmt":"2025-09-15T14:50:12","slug":"bolsa-com-tampa","status":"publish","type":"product","link":"https:\/\/cabocoart.com\/de\/produto\/bolsa-com-tampa\/","title":{"rendered":"Bolsa com Tampa"},"content":{"rendered":"<p>Bolsa com Tampa feita com a t\u00e9cnica de tran\u00e7ado em fibra carnauba por mulheres da aldeia Kamayur\u00e1, localizada no alto Xingu, Mato Grosso.<\/p>\n","protected":false},"excerpt":{"rendered":"<p>Bolsa com Tampa feita com a t\u00e9cnica de tran\u00e7ado em fibra carnauba por mulheres da aldeia Kamayur\u00e1, localizada no alto Xingu, Mato Grosso.<\/p>\n","protected":false},"featured_media":1412,"template":"","meta":[],"product_cat":[23,186,24,178],"product_tag":[82,179,220,219,181],"_links":{"self":[{"href":"https:\/\/cabocoart.com\/de\/wp-json\/wp\/v2\/product\/1409"}],"collection":[{"href":"https:\/\/cabocoart.com\/de\/wp-json\/wp\/v2\/product"}],"about":[{"href":"https:\/\/cabocoart.com\/de\/wp-json\/wp\/v2\/types\/product"}],"wp:featuredmedia":[{"embeddable":true,"href":"https:\/\/cabocoart.com\/de\/wp-json\/wp\/v2\/media\/1412"}],"wp:attachment":[{"href":"https:\/\/cabocoart.com\/de\/wp-json\/wp\/v2\/media?parent=1409"}],"wp:term":[{"taxonomy":"product_cat","embeddable":true,"href":"https:\/\/cabocoart.com\/de\/wp-json\/wp\/v2\/product_cat?post=1409"},{"taxonomy":"product_tag","embeddable":true,"href":"https:\/\/cabocoart.com\/de\/wp-json\/wp\/v2\/product_tag?post=1409"}],"curies":[{"name":"wp","href":"https:\/\/api.w.org\/{rel}","templated":true}]}}