{"id":1358,"date":"2023-04-12T11:03:55","date_gmt":"2023-04-12T11:03:55","guid":{"rendered":"https:\/\/cabocoart.com\/?post_type=product&#038;p=1358"},"modified":"2025-09-15T14:50:12","modified_gmt":"2025-09-15T14:50:12","slug":"cavalo-ceramica","status":"publish","type":"product","link":"https:\/\/cabocoart.com\/de\/produto\/cavalo-ceramica\/","title":{"rendered":"Cavalo em Cer\u00e2mica"},"content":{"rendered":"<p>Cavalo em modelagem de cer\u00e2mica pelo artista Jo\u00e3o Carlos. Pre\u00e7o por unidade. Escolhido aleatoriamente.<\/p>\n<p><span style=\"font-weight: 400;\">Desde a inf\u00e2ncia, Jo\u00e3o Carlos conviveu em um ambiente prop\u00edcio \u00e0 arte, rodeado e incentivado pelas esculturas de cer\u00e2mica produzidas por seu pai. Usava a modelagem para fazer os pr\u00f3prios brinquedos, todos \u00e0 sua maneira. <\/span><\/p>\n<p><span style=\"font-weight: 400;\">Hoje em dia, al\u00e9m de fazer esculturas de cer\u00e2mica, trabalha com esculturas de madeira, pinturas em tela e desenhos art\u00edsticos. \u00c9 mestre em seu pr\u00f3prio ateli\u00ea de cer\u00e2mica, a Casa Art\u00edfice, em Macei\u00f3\/Alagoas, onde ministra aulas para crian\u00e7as, jovens e adultos, repassando os ensinamentos que recebeu de seu pai para outras pessoas.<\/span><\/p>\n<p>&nbsp;<\/p>\n<p>&nbsp;<\/p>\n","protected":false},"excerpt":{"rendered":"<p>Cavalo em modelagem de cer\u00e2mica pelo artista Jo\u00e3o Carlos. Pre\u00e7o por unidade. Escolhido aleatoriamente.<\/p>\n","protected":false},"featured_media":1371,"template":"","meta":[],"product_cat":[23,214,24,16,213],"product_tag":[215,82,25,54,27,30],"_links":{"self":[{"href":"https:\/\/cabocoart.com\/de\/wp-json\/wp\/v2\/product\/1358"}],"collection":[{"href":"https:\/\/cabocoart.com\/de\/wp-json\/wp\/v2\/product"}],"about":[{"href":"https:\/\/cabocoart.com\/de\/wp-json\/wp\/v2\/types\/product"}],"wp:featuredmedia":[{"embeddable":true,"href":"https:\/\/cabocoart.com\/de\/wp-json\/wp\/v2\/media\/1371"}],"wp:attachment":[{"href":"https:\/\/cabocoart.com\/de\/wp-json\/wp\/v2\/media?parent=1358"}],"wp:term":[{"taxonomy":"product_cat","embeddable":true,"href":"https:\/\/cabocoart.com\/de\/wp-json\/wp\/v2\/product_cat?post=1358"},{"taxonomy":"product_tag","embeddable":true,"href":"https:\/\/cabocoart.com\/de\/wp-json\/wp\/v2\/product_tag?post=1358"}],"curies":[{"name":"wp","href":"https:\/\/api.w.org\/{rel}","templated":true}]}}