{"id":134,"date":"2022-07-13T14:34:29","date_gmt":"2022-07-13T14:34:29","guid":{"rendered":"https:\/\/cabocoart.com.hiddenbox.org\/?post_type=product&#038;p=134"},"modified":"2025-09-15T14:50:22","modified_gmt":"2025-09-15T14:50:22","slug":"busto-b","status":"publish","type":"product","link":"https:\/\/cabocoart.com\/de\/produto\/busto-b\/","title":{"rendered":"Busto B"},"content":{"rendered":"<p>Figura de homem esculpida em madeira Umburana.<span class=\"Apple-converted-space\">\u00a0<\/span><\/p>\n<p>Madeira Umburana que ficou ao tempo, resultando em uma colora\u00e7\u00e3o cinza natural.<span class=\"Apple-converted-space\">\u00a0<\/span><\/p>\n<p>Executada pelo Mestre Jos\u00e9 Bezerra, de Buique, PE. O Mestre tem a capacidade de ver uma figura que j\u00e1 se insinua na madeira e traz\u00ea-la \u00e0 tona com sua interven\u00e7\u00e3o rude. Procura manter o v\u00ednculo entre a figura e a madeira bruta.<\/p>\n","protected":false},"excerpt":{"rendered":"<p>Figura de homem esculpida em madeira Umburana.<\/p>\n","protected":false},"featured_media":135,"template":"","meta":[],"product_cat":[23,24,17],"product_tag":[21,18,19,20],"_links":{"self":[{"href":"https:\/\/cabocoart.com\/de\/wp-json\/wp\/v2\/product\/134"}],"collection":[{"href":"https:\/\/cabocoart.com\/de\/wp-json\/wp\/v2\/product"}],"about":[{"href":"https:\/\/cabocoart.com\/de\/wp-json\/wp\/v2\/types\/product"}],"wp:featuredmedia":[{"embeddable":true,"href":"https:\/\/cabocoart.com\/de\/wp-json\/wp\/v2\/media\/135"}],"wp:attachment":[{"href":"https:\/\/cabocoart.com\/de\/wp-json\/wp\/v2\/media?parent=134"}],"wp:term":[{"taxonomy":"product_cat","embeddable":true,"href":"https:\/\/cabocoart.com\/de\/wp-json\/wp\/v2\/product_cat?post=134"},{"taxonomy":"product_tag","embeddable":true,"href":"https:\/\/cabocoart.com\/de\/wp-json\/wp\/v2\/product_tag?post=134"}],"curies":[{"name":"wp","href":"https:\/\/api.w.org\/{rel}","templated":true}]}}