{"id":130,"date":"2022-07-13T14:29:03","date_gmt":"2022-07-13T14:29:03","guid":{"rendered":"https:\/\/cabocoart.com.hiddenbox.org\/?post_type=product&#038;p=130"},"modified":"2025-09-11T16:42:54","modified_gmt":"2025-09-11T16:42:54","slug":"personagem-2","status":"publish","type":"product","link":"https:\/\/cabocoart.com\/de\/produto\/personagem-2\/","title":{"rendered":"Personagem 2"},"content":{"rendered":"<p>Escultura de rosto alongado em madeira Umburana, representando um trabalhador do campo. Arte bruta.<\/p>\n<p>Executada pelo Mestre Jos\u00e9 Bezerra, de Buique, PE. O Mestre tem a capacidade de ver uma figura que j\u00e1 se insinua na madeira e traz\u00ea-la \u00e0 tona com sua interven\u00e7\u00e3o rude. Procura manter o v\u00ednculo entre a figura e a madeira bruta.<\/p>\n","protected":false},"excerpt":{"rendered":"<p>Escultura de rosto alongado em madeira Umburana, representando um trabalhador do campo. Arte bruta.<\/p>\n","protected":false},"featured_media":133,"template":"","meta":[],"product_cat":[23,24,17],"product_tag":[21,18,57,19,20],"_links":{"self":[{"href":"https:\/\/cabocoart.com\/de\/wp-json\/wp\/v2\/product\/130"}],"collection":[{"href":"https:\/\/cabocoart.com\/de\/wp-json\/wp\/v2\/product"}],"about":[{"href":"https:\/\/cabocoart.com\/de\/wp-json\/wp\/v2\/types\/product"}],"wp:featuredmedia":[{"embeddable":true,"href":"https:\/\/cabocoart.com\/de\/wp-json\/wp\/v2\/media\/133"}],"wp:attachment":[{"href":"https:\/\/cabocoart.com\/de\/wp-json\/wp\/v2\/media?parent=130"}],"wp:term":[{"taxonomy":"product_cat","embeddable":true,"href":"https:\/\/cabocoart.com\/de\/wp-json\/wp\/v2\/product_cat?post=130"},{"taxonomy":"product_tag","embeddable":true,"href":"https:\/\/cabocoart.com\/de\/wp-json\/wp\/v2\/product_tag?post=130"}],"curies":[{"name":"wp","href":"https:\/\/api.w.org\/{rel}","templated":true}]}}