{"id":126,"date":"2022-07-12T17:49:52","date_gmt":"2022-07-12T17:49:52","guid":{"rendered":"https:\/\/cabocoart.com.hiddenbox.org\/?post_type=product&#038;p=126"},"modified":"2025-09-11T17:00:55","modified_gmt":"2025-09-11T17:00:55","slug":"banco-tamandua","status":"publish","type":"product","link":"https:\/\/cabocoart.com\/de\/produto\/banco-tamandua\/","title":{"rendered":"Banco Tamandu\u00e1"},"content":{"rendered":"<p>Banco de cer\u00e2mica em forma de um tamandu\u00e1.<\/p>\n<p>Artes\u00e3 Neguinha, de Belo Jardim, PE. Come\u00e7ou a trabalhar com a m\u00e3e aos 7 anos de idade fazendo panelas. Aos poucos desenvolveu trabalhos autorais, mostrando sua criatividade, e indo al\u00e9m dos utilit\u00e1rios.<\/p>\n","protected":false},"excerpt":{"rendered":"<p>Banco de cer\u00e2mica em forma de um tamandu\u00e1.<\/p>\n","protected":false},"featured_media":137,"template":"","meta":[],"product_cat":[23,24,51,52],"product_tag":[56,25,54,53,55],"_links":{"self":[{"href":"https:\/\/cabocoart.com\/de\/wp-json\/wp\/v2\/product\/126"}],"collection":[{"href":"https:\/\/cabocoart.com\/de\/wp-json\/wp\/v2\/product"}],"about":[{"href":"https:\/\/cabocoart.com\/de\/wp-json\/wp\/v2\/types\/product"}],"wp:featuredmedia":[{"embeddable":true,"href":"https:\/\/cabocoart.com\/de\/wp-json\/wp\/v2\/media\/137"}],"wp:attachment":[{"href":"https:\/\/cabocoart.com\/de\/wp-json\/wp\/v2\/media?parent=126"}],"wp:term":[{"taxonomy":"product_cat","embeddable":true,"href":"https:\/\/cabocoart.com\/de\/wp-json\/wp\/v2\/product_cat?post=126"},{"taxonomy":"product_tag","embeddable":true,"href":"https:\/\/cabocoart.com\/de\/wp-json\/wp\/v2\/product_tag?post=126"}],"curies":[{"name":"wp","href":"https:\/\/api.w.org\/{rel}","templated":true}]}}