{"id":124,"date":"2022-07-12T17:41:02","date_gmt":"2022-07-12T17:41:02","guid":{"rendered":"https:\/\/cabocoart.com.hiddenbox.org\/?post_type=product&#038;p=124"},"modified":"2025-09-15T14:50:22","modified_gmt":"2025-09-15T14:50:22","slug":"conjunto-de-7-beatas","status":"publish","type":"product","link":"https:\/\/cabocoart.com\/de\/produto\/conjunto-de-7-beatas\/","title":{"rendered":"Conjunto de 7 beatas"},"content":{"rendered":"<p>Escultura em madeira representando um conjunto de beatas rezando.<\/p>\n<p>O Artes\u00e3o, F\u00e1bio Ramos, da escola do vale do Catimbau, PE, foi iniciado pelo Mestre Jos\u00e9 Bezerra. A partir da Umburana encontrada, ele traduz o imagin\u00e1rio da regi\u00e3o no artesanato polido e criativo.<span class=\"Apple-converted-space\">\u00a0<\/span><\/p>\n","protected":false},"excerpt":{"rendered":"<p>Escultura em madeira representando um conjunto de beatas rezando.<\/p>\n","protected":false},"featured_media":125,"template":"","meta":[],"product_cat":[44,23,24,50],"product_tag":[21,30,19],"_links":{"self":[{"href":"https:\/\/cabocoart.com\/de\/wp-json\/wp\/v2\/product\/124"}],"collection":[{"href":"https:\/\/cabocoart.com\/de\/wp-json\/wp\/v2\/product"}],"about":[{"href":"https:\/\/cabocoart.com\/de\/wp-json\/wp\/v2\/types\/product"}],"wp:featuredmedia":[{"embeddable":true,"href":"https:\/\/cabocoart.com\/de\/wp-json\/wp\/v2\/media\/125"}],"wp:attachment":[{"href":"https:\/\/cabocoart.com\/de\/wp-json\/wp\/v2\/media?parent=124"}],"wp:term":[{"taxonomy":"product_cat","embeddable":true,"href":"https:\/\/cabocoart.com\/de\/wp-json\/wp\/v2\/product_cat?post=124"},{"taxonomy":"product_tag","embeddable":true,"href":"https:\/\/cabocoart.com\/de\/wp-json\/wp\/v2\/product_tag?post=124"}],"curies":[{"name":"wp","href":"https:\/\/api.w.org\/{rel}","templated":true}]}}