{"id":1229,"date":"2023-03-09T16:30:19","date_gmt":"2023-03-09T16:30:19","guid":{"rendered":"https:\/\/cabocoart.com\/?post_type=product&#038;p=1229"},"modified":"2025-09-11T16:35:39","modified_gmt":"2025-09-11T16:35:39","slug":"carrancas","status":"publish","type":"product","link":"https:\/\/cabocoart.com\/de\/produto\/carrancas\/","title":{"rendered":"Carrancas"},"content":{"rendered":"<p>Carrancas esculpidas em madeira imburana. Figuras em cores vivas oriundas da imagina\u00e7\u00e3o do artes\u00e3o.<\/p>\n<p><span style=\"font-weight: 400;\">Assim como grande parte dos artes\u00e3os brasileiros, Jasson \u00e9 autodidata. Sua experi\u00eancia com a madeira vem de uma vida inteira criando ferramentas e objetos \u00fateis para a lida no sert\u00e3o alagoano, onde nasceu e cresceu. Seu trabalho, no entanto, nos entrega um mundo de sonhos e leveza, uma realidade fant\u00e1stica que habita seus pensamentos a todo instante enquanto cria com as formas org\u00e2nicas das madeiras da Caatinga.<\/span><\/p>\n","protected":false},"excerpt":{"rendered":"<p>Carrancas esculpidas em madeira imburana. Figuras em cores vivas oriundas da imagina\u00e7\u00e3o do artes\u00e3o.<\/p>\n","protected":false},"featured_media":1233,"template":"","meta":[],"product_cat":[23,16,206],"product_tag":[18,49,82,54,37,30,19],"_links":{"self":[{"href":"https:\/\/cabocoart.com\/de\/wp-json\/wp\/v2\/product\/1229"}],"collection":[{"href":"https:\/\/cabocoart.com\/de\/wp-json\/wp\/v2\/product"}],"about":[{"href":"https:\/\/cabocoart.com\/de\/wp-json\/wp\/v2\/types\/product"}],"wp:featuredmedia":[{"embeddable":true,"href":"https:\/\/cabocoart.com\/de\/wp-json\/wp\/v2\/media\/1233"}],"wp:attachment":[{"href":"https:\/\/cabocoart.com\/de\/wp-json\/wp\/v2\/media?parent=1229"}],"wp:term":[{"taxonomy":"product_cat","embeddable":true,"href":"https:\/\/cabocoart.com\/de\/wp-json\/wp\/v2\/product_cat?post=1229"},{"taxonomy":"product_tag","embeddable":true,"href":"https:\/\/cabocoart.com\/de\/wp-json\/wp\/v2\/product_tag?post=1229"}],"curies":[{"name":"wp","href":"https:\/\/api.w.org\/{rel}","templated":true}]}}