{"id":119,"date":"2022-07-12T17:21:11","date_gmt":"2022-07-12T17:21:11","guid":{"rendered":"https:\/\/cabocoart.com.hiddenbox.org\/?post_type=product&#038;p=119"},"modified":"2025-09-11T16:43:32","modified_gmt":"2025-09-11T16:43:32","slug":"escultura_vestimenta_festiva_indigena","status":"publish","type":"product","link":"https:\/\/cabocoart.com\/de\/produto\/escultura_vestimenta_festiva_indigena\/","title":{"rendered":"Escultura a representar vestimenta festiva ind\u00edgena"},"content":{"rendered":"<p>Escultura de madeira representando vestes festivas ind\u00edgenas do grupo \u00e9tnico Kambiw\u00e1.<\/p>\n<p>O Mestre Bezinho Kambiw\u00e1, de Pernambuco, deu seus primeiros passos art\u00edsticos aos 15 anos. Atualmente tem ensinado suas t\u00e9cnicas a v\u00e1rios jovens da comunidade Kambiw\u00e1, pois sonha que outros artistas deem continuidade ao seu trabalho.<\/p>\n","protected":false},"excerpt":{"rendered":"<p>Escultura de madeira representando vestes festivas ind\u00edgenas do grupo \u00e9tnico Kambiw\u00e1.<\/p>\n","protected":false},"featured_media":120,"template":"","meta":[],"product_cat":[44,23,24,16,43],"product_tag":[49,37,30,79],"_links":{"self":[{"href":"https:\/\/cabocoart.com\/de\/wp-json\/wp\/v2\/product\/119"}],"collection":[{"href":"https:\/\/cabocoart.com\/de\/wp-json\/wp\/v2\/product"}],"about":[{"href":"https:\/\/cabocoart.com\/de\/wp-json\/wp\/v2\/types\/product"}],"wp:featuredmedia":[{"embeddable":true,"href":"https:\/\/cabocoart.com\/de\/wp-json\/wp\/v2\/media\/120"}],"wp:attachment":[{"href":"https:\/\/cabocoart.com\/de\/wp-json\/wp\/v2\/media?parent=119"}],"wp:term":[{"taxonomy":"product_cat","embeddable":true,"href":"https:\/\/cabocoart.com\/de\/wp-json\/wp\/v2\/product_cat?post=119"},{"taxonomy":"product_tag","embeddable":true,"href":"https:\/\/cabocoart.com\/de\/wp-json\/wp\/v2\/product_tag?post=119"}],"curies":[{"name":"wp","href":"https:\/\/api.w.org\/{rel}","templated":true}]}}