{"id":111,"date":"2022-07-12T15:45:45","date_gmt":"2022-07-12T15:45:45","guid":{"rendered":"https:\/\/cabocoart.com.hiddenbox.org\/?post_type=product&#038;p=111"},"modified":"2025-09-11T17:00:46","modified_gmt":"2025-09-11T17:00:46","slug":"mamolengo","status":"publish","type":"product","link":"https:\/\/cabocoart.com\/de\/produto\/mamolengo\/","title":{"rendered":"Mamolengo"},"content":{"rendered":"<p>Pe\u00e7a entalhada em madeira de cedro. Corpo articulado.<\/p>\n<p>Mamolengo \u00e9 uma forma de teatro de anima\u00e7\u00e3o da cultura popular do Nordeste brasileiro.<\/p>\n<p>Racar \u00e9 de Juazeiro do Norte, CE, que \u00e9 considerada uma das expoentes de manifesta\u00e7\u00e3o cultural popular da Am\u00e9rica Latina.<\/p>\n","protected":false},"excerpt":{"rendered":"<p>Pe\u00e7a entalhada em madeira de cedro. Corpo articulado.<\/p>\n","protected":false},"featured_media":115,"template":"","meta":[],"product_cat":[23,24,42],"product_tag":[37,29,19],"_links":{"self":[{"href":"https:\/\/cabocoart.com\/de\/wp-json\/wp\/v2\/product\/111"}],"collection":[{"href":"https:\/\/cabocoart.com\/de\/wp-json\/wp\/v2\/product"}],"about":[{"href":"https:\/\/cabocoart.com\/de\/wp-json\/wp\/v2\/types\/product"}],"wp:featuredmedia":[{"embeddable":true,"href":"https:\/\/cabocoart.com\/de\/wp-json\/wp\/v2\/media\/115"}],"wp:attachment":[{"href":"https:\/\/cabocoart.com\/de\/wp-json\/wp\/v2\/media?parent=111"}],"wp:term":[{"taxonomy":"product_cat","embeddable":true,"href":"https:\/\/cabocoart.com\/de\/wp-json\/wp\/v2\/product_cat?post=111"},{"taxonomy":"product_tag","embeddable":true,"href":"https:\/\/cabocoart.com\/de\/wp-json\/wp\/v2\/product_tag?post=111"}],"curies":[{"name":"wp","href":"https:\/\/api.w.org\/{rel}","templated":true}]}}