{"id":1564,"date":"2022-07-04T10:39:15","date_gmt":"2022-07-04T10:39:15","guid":{"rendered":"https:\/\/cabocoart.com\/wer-wir-sind\/"},"modified":"2024-02-23T12:27:35","modified_gmt":"2024-02-23T12:27:35","slug":"wer-wir-sind","status":"publish","type":"page","link":"https:\/\/cabocoart.com\/de\/wer-wir-sind\/","title":{"rendered":"\u00dcber uns"},"content":{"rendered":"\t\t<div data-elementor-type=\"wp-page\" data-elementor-id=\"1564\" class=\"elementor elementor-1564 elementor-2\">\n\t\t\t\t\t\t<section class=\"elementor-section elementor-top-section elementor-element elementor-element-978684d elementor-section-stretched elementor-section-boxed elementor-section-height-default elementor-section-height-default\" data-id=\"978684d\" data-element_type=\"section\" data-settings=\"{&quot;stretch_section&quot;:&quot;section-stretched&quot;}\">\n\t\t\t\t\t\t<div class=\"elementor-container elementor-column-gap-default\">\n\t\t\t\t\t<div class=\"elementor-column elementor-col-100 elementor-top-column elementor-element elementor-element-0c44dac\" data-id=\"0c44dac\" data-element_type=\"column\">\n\t\t\t<div class=\"elementor-widget-wrap elementor-element-populated\">\n\t\t\t\t\t\t<div class=\"elementor-element elementor-element-18aec69 elementor-hidden-mobile elementor-widget elementor-widget-image\" data-id=\"18aec69\" data-element_type=\"widget\" data-widget_type=\"image.default\">\n\t\t\t\t<div class=\"elementor-widget-container\">\n\t\t\t<style>\/*! elementor - v3.23.0 - 25-07-2024 *\/\n.elementor-widget-image{text-align:center}.elementor-widget-image a{display:inline-block}.elementor-widget-image a img[src$=\".svg\"]{width:48px}.elementor-widget-image img{vertical-align:middle;display:inline-block}<\/style>\t\t\t\t\t\t\t\t\t\t<img fetchpriority=\"high\" decoding=\"async\" width=\"1024\" height=\"585\" src=\"https:\/\/cabocoart.com\/wp-content\/uploads\/2022\/08\/low-socios-site-copy-1024x585.png\" class=\"attachment-large size-large wp-image-236\" alt=\"\" srcset=\"https:\/\/cabocoart.com\/wp-content\/uploads\/2022\/08\/low-socios-site-copy-1024x585.png 1024w, https:\/\/cabocoart.com\/wp-content\/uploads\/2022\/08\/low-socios-site-copy-800x457.png 800w, https:\/\/cabocoart.com\/wp-content\/uploads\/2022\/08\/low-socios-site-copy-300x171.png 300w, https:\/\/cabocoart.com\/wp-content\/uploads\/2022\/08\/low-socios-site-copy-768x438.png 768w, https:\/\/cabocoart.com\/wp-content\/uploads\/2022\/08\/low-socios-site-copy-18x10.png 18w, https:\/\/cabocoart.com\/wp-content\/uploads\/2022\/08\/low-socios-site-copy-1140x651.png 1140w, https:\/\/cabocoart.com\/wp-content\/uploads\/2022\/08\/low-socios-site-copy-920x525.png 920w, https:\/\/cabocoart.com\/wp-content\/uploads\/2022\/08\/low-socios-site-copy-575x328.png 575w, https:\/\/cabocoart.com\/wp-content\/uploads\/2022\/08\/low-socios-site-copy-380x217.png 380w, https:\/\/cabocoart.com\/wp-content\/uploads\/2022\/08\/low-socios-site-copy.png 1200w\" sizes=\"(max-width: 1024px) 100vw, 1024px\" \/>\t\t\t\t\t\t\t\t\t\t\t\t\t<\/div>\n\t\t\t\t<\/div>\n\t\t\t\t\t<\/div>\n\t\t<\/div>\n\t\t\t\t\t<\/div>\n\t\t<\/section>\n\t\t\t\t<section class=\"elementor-section elementor-top-section elementor-element elementor-element-f50fd3a elementor-section-boxed elementor-section-height-default elementor-section-height-default\" data-id=\"f50fd3a\" data-element_type=\"section\">\n\t\t\t\t\t\t<div class=\"elementor-container elementor-column-gap-wide\">\n\t\t\t\t\t<div class=\"elementor-column elementor-col-33 elementor-top-column elementor-element elementor-element-b393660\" data-id=\"b393660\" data-element_type=\"column\">\n\t\t\t<div class=\"elementor-widget-wrap elementor-element-populated\">\n\t\t\t\t\t\t<div class=\"elementor-element elementor-element-dd9ee35 elementor-hidden-desktop elementor-hidden-tablet elementor-widget elementor-widget-image\" data-id=\"dd9ee35\" data-element_type=\"widget\" data-widget_type=\"image.default\">\n\t\t\t\t<div class=\"elementor-widget-container\">\n\t\t\t\t\t\t\t\t\t\t\t\t\t<img decoding=\"async\" width=\"768\" height=\"768\" src=\"https:\/\/cabocoart.com\/wp-content\/uploads\/2022\/08\/maria-cristina-vervloet.png\" class=\"attachment-large size-large wp-image-247\" alt=\"\" srcset=\"https:\/\/cabocoart.com\/wp-content\/uploads\/2022\/08\/maria-cristina-vervloet.png 768w, https:\/\/cabocoart.com\/wp-content\/uploads\/2022\/08\/maria-cristina-vervloet-100x100.png 100w, https:\/\/cabocoart.com\/wp-content\/uploads\/2022\/08\/maria-cristina-vervloet-300x300.png 300w, https:\/\/cabocoart.com\/wp-content\/uploads\/2022\/08\/maria-cristina-vervloet-150x150.png 150w, https:\/\/cabocoart.com\/wp-content\/uploads\/2022\/08\/maria-cristina-vervloet-12x12.png 12w, https:\/\/cabocoart.com\/wp-content\/uploads\/2022\/08\/maria-cristina-vervloet-575x575.png 575w, https:\/\/cabocoart.com\/wp-content\/uploads\/2022\/08\/maria-cristina-vervloet-380x380.png 380w, https:\/\/cabocoart.com\/wp-content\/uploads\/2022\/08\/maria-cristina-vervloet-420x420.png 420w\" sizes=\"(max-width: 768px) 100vw, 768px\" \/>\t\t\t\t\t\t\t\t\t\t\t\t\t<\/div>\n\t\t\t\t<\/div>\n\t\t\t\t<div class=\"elementor-element elementor-element-e12b3d4 elementor-widget elementor-widget-heading\" data-id=\"e12b3d4\" data-element_type=\"widget\" data-widget_type=\"heading.default\">\n\t\t\t\t<div class=\"elementor-widget-container\">\n\t\t\t<style>\/*! elementor - v3.23.0 - 25-07-2024 *\/\n.elementor-heading-title{padding:0;margin:0;line-height:1}.elementor-widget-heading .elementor-heading-title[class*=elementor-size-]>a{color:inherit;font-size:inherit;line-height:inherit}.elementor-widget-heading .elementor-heading-title.elementor-size-small{font-size:15px}.elementor-widget-heading .elementor-heading-title.elementor-size-medium{font-size:19px}.elementor-widget-heading .elementor-heading-title.elementor-size-large{font-size:29px}.elementor-widget-heading .elementor-heading-title.elementor-size-xl{font-size:39px}.elementor-widget-heading .elementor-heading-title.elementor-size-xxl{font-size:59px}<\/style><h3 class=\"elementor-heading-title elementor-size-default\">Maria Cristina Vervloet<\/h3>\t\t<\/div>\n\t\t\t\t<\/div>\n\t\t\t\t<div class=\"elementor-element elementor-element-27e9daf elementor-widget elementor-widget-text-editor\" data-id=\"27e9daf\" data-element_type=\"widget\" data-widget_type=\"text-editor.default\">\n\t\t\t\t<div class=\"elementor-widget-container\">\n\t\t\t<style>\/*! elementor - v3.23.0 - 25-07-2024 *\/\n.elementor-widget-text-editor.elementor-drop-cap-view-stacked .elementor-drop-cap{background-color:#69727d;color:#fff}.elementor-widget-text-editor.elementor-drop-cap-view-framed .elementor-drop-cap{color:#69727d;border:3px solid;background-color:transparent}.elementor-widget-text-editor:not(.elementor-drop-cap-view-default) .elementor-drop-cap{margin-top:8px}.elementor-widget-text-editor:not(.elementor-drop-cap-view-default) .elementor-drop-cap-letter{width:1em;height:1em}.elementor-widget-text-editor .elementor-drop-cap{float:left;text-align:center;line-height:1;font-size:50px}.elementor-widget-text-editor .elementor-drop-cap-letter{display:inline-block}<\/style>\t\t\t\t<p>Die Wirtschaftswissenschaftlerin und Postgraduierte im Finanzwesen Maria Cristina Vervloet hatte schon immer eine Leidenschaft f\u00fcr Kunst. Sie ist seit mehr als 35 Jahren auf dem Finanzmarkt t\u00e4tig. Sie verpasste nie die Gelegenheit, Veranstaltungen in Kunstgalerien sowie nationale und internationale Messen zu besuchen, wodurch sie einen kritischen und geschulten Blick entwickelte.<\/p>\n<p>Sie ist jetzt im Ruhestand, lebte zuvor in Paris und lebt derzeit in Lissabon. Sie verf\u00fcgt \u00fcber eine umfangreiche Bibliothek mit Kunstb\u00fcchern sowie Werke bedeutender Talente der zeitgen\u00f6ssischen brasilianischen Kunst. Maria Cristina aus Esp\u00edrito Santo ist aufgrund ihrer akademischen Ausbildung und Berufserfahrung in der Lage, Kunst und Wirtschaft gleichzusetzen, indem sie M\u00f6glichkeiten beobachtet und schafft, die das entwickelte Produkt mit Sensibilit\u00e4t und Kreativit\u00e4t in den greifbaren Kreislauf einbinden.<\/p>\n\t\t\t\t\t\t<\/div>\n\t\t\t\t<\/div>\n\t\t\t\t\t<\/div>\n\t\t<\/div>\n\t\t\t\t<div class=\"elementor-column elementor-col-33 elementor-top-column elementor-element elementor-element-efa02c0\" data-id=\"efa02c0\" data-element_type=\"column\">\n\t\t\t<div class=\"elementor-widget-wrap elementor-element-populated\">\n\t\t\t\t\t\t<div class=\"elementor-element elementor-element-500241f elementor-hidden-desktop elementor-widget elementor-widget-image\" data-id=\"500241f\" data-element_type=\"widget\" data-widget_type=\"image.default\">\n\t\t\t\t<div class=\"elementor-widget-container\">\n\t\t\t\t\t\t\t\t\t\t\t\t\t<img decoding=\"async\" width=\"768\" height=\"768\" src=\"https:\/\/cabocoart.com\/wp-content\/uploads\/2022\/08\/marco-aurelio-saad-pulcherio.png\" class=\"attachment-large size-large wp-image-248\" alt=\"\" srcset=\"https:\/\/cabocoart.com\/wp-content\/uploads\/2022\/08\/marco-aurelio-saad-pulcherio.png 768w, https:\/\/cabocoart.com\/wp-content\/uploads\/2022\/08\/marco-aurelio-saad-pulcherio-100x100.png 100w, https:\/\/cabocoart.com\/wp-content\/uploads\/2022\/08\/marco-aurelio-saad-pulcherio-300x300.png 300w, https:\/\/cabocoart.com\/wp-content\/uploads\/2022\/08\/marco-aurelio-saad-pulcherio-150x150.png 150w, https:\/\/cabocoart.com\/wp-content\/uploads\/2022\/08\/marco-aurelio-saad-pulcherio-12x12.png 12w, https:\/\/cabocoart.com\/wp-content\/uploads\/2022\/08\/marco-aurelio-saad-pulcherio-575x575.png 575w, https:\/\/cabocoart.com\/wp-content\/uploads\/2022\/08\/marco-aurelio-saad-pulcherio-380x380.png 380w, https:\/\/cabocoart.com\/wp-content\/uploads\/2022\/08\/marco-aurelio-saad-pulcherio-420x420.png 420w\" sizes=\"(max-width: 768px) 100vw, 768px\" \/>\t\t\t\t\t\t\t\t\t\t\t\t\t<\/div>\n\t\t\t\t<\/div>\n\t\t\t\t<div class=\"elementor-element elementor-element-114eba3 elementor-widget elementor-widget-heading\" data-id=\"114eba3\" data-element_type=\"widget\" data-widget_type=\"heading.default\">\n\t\t\t\t<div class=\"elementor-widget-container\">\n\t\t\t<h3 class=\"elementor-heading-title elementor-size-default\">Marco Aur\u00e9lio Saad Pulch\u00e9rio<\/h3>\t\t<\/div>\n\t\t\t\t<\/div>\n\t\t\t\t<div class=\"elementor-element elementor-element-4be8796 elementor-widget elementor-widget-text-editor\" data-id=\"4be8796\" data-element_type=\"widget\" data-widget_type=\"text-editor.default\">\n\t\t\t\t<div class=\"elementor-widget-container\">\n\t\t\t\t\t\t\t<p>Seit 1994 ist Marco Aur\u00e9lio an der Spitze von <a class=\"qi72231t nu7423ey n3hqoq4p r86q59rh b3qcqh3k fq87ekyn bdao358l fsf7x5fv rse6dlih s5oniofx m8h3af8h l7ghb35v kjdc1dyq kmwttqpk srn514ro oxkhqvkx rl78xhln nch0832m cr00lzj9 rn8ck1ys s3jn8y49 icdlwmnq notranslate _a6hd\" tabindex=\"0\" role=\"link\" href=\"https:\/\/www.instagram.com\/marco500design\/\">@marco500design<\/a>, f\u00fcr den kommerziellen Dialog von mehr als 450 verschiedenen Namen und Marken verantwortlich, die heute die brasilianische Kunst- und Designszene pr\u00e4gen. Irm\u00e3os Campana, Marcelo Rosenbaum, Cer\u00e2mica Serra da Capivara, J. Borges, Cida Lima und Neguinha sind einige davon. Eine weitere wichtige Arbeit ist die Entwicklung von Eigenmarkenprodukten f\u00fcr bekannte Marken im Land.<\/p>\n<p>Durch ein aufmerksames Produktmanagement begleitet sie die K\u00fcnstler, schult das Publikum und wirkt an der Gestaltung der Marktmechanismen mit. Teilnahme an internationalen Projekten wie: &#8222;MoMA Design Store Destination Brasil&#8220; (NY), &#8222;BeBrasil \u2013 Brazil Essentially Diverse&#8220; (Mailand). &#8222;Maison et objet&#8220; (Paris), &#8222;Ambiete Fair&#8220; (Frankfurt) und &#8222;Arte e Design de Miami&#8220;. Er war ebenfalls f\u00fcr die Kuratierung verschiedener Projekte bei &#8222;Rede Globo&#8220;, der gr\u00f6\u00dfte Medien- und Kommunikationskonzern in Brasilien und Lateinamerika zust\u00e4ndig.<\/p>\n\t\t\t\t\t\t<\/div>\n\t\t\t\t<\/div>\n\t\t\t\t\t<\/div>\n\t\t<\/div>\n\t\t\t\t<div class=\"elementor-column elementor-col-33 elementor-top-column elementor-element elementor-element-15a8486\" data-id=\"15a8486\" data-element_type=\"column\">\n\t\t\t<div class=\"elementor-widget-wrap elementor-element-populated\">\n\t\t\t\t\t\t<div class=\"elementor-element elementor-element-629ad4e elementor-hidden-desktop elementor-widget elementor-widget-image\" data-id=\"629ad4e\" data-element_type=\"widget\" data-widget_type=\"image.default\">\n\t\t\t\t<div class=\"elementor-widget-container\">\n\t\t\t\t\t\t\t\t\t\t\t\t\t<img loading=\"lazy\" decoding=\"async\" width=\"768\" height=\"768\" src=\"https:\/\/cabocoart.com\/wp-content\/uploads\/2022\/08\/vera-santiago.png\" class=\"attachment-large size-large wp-image-249\" alt=\"\" srcset=\"https:\/\/cabocoart.com\/wp-content\/uploads\/2022\/08\/vera-santiago.png 768w, https:\/\/cabocoart.com\/wp-content\/uploads\/2022\/08\/vera-santiago-100x100.png 100w, https:\/\/cabocoart.com\/wp-content\/uploads\/2022\/08\/vera-santiago-300x300.png 300w, https:\/\/cabocoart.com\/wp-content\/uploads\/2022\/08\/vera-santiago-150x150.png 150w, https:\/\/cabocoart.com\/wp-content\/uploads\/2022\/08\/vera-santiago-12x12.png 12w, https:\/\/cabocoart.com\/wp-content\/uploads\/2022\/08\/vera-santiago-575x575.png 575w, https:\/\/cabocoart.com\/wp-content\/uploads\/2022\/08\/vera-santiago-380x380.png 380w, https:\/\/cabocoart.com\/wp-content\/uploads\/2022\/08\/vera-santiago-420x420.png 420w\" sizes=\"(max-width: 768px) 100vw, 768px\" \/>\t\t\t\t\t\t\t\t\t\t\t\t\t<\/div>\n\t\t\t\t<\/div>\n\t\t\t\t<div class=\"elementor-element elementor-element-b06f18b elementor-widget elementor-widget-heading\" data-id=\"b06f18b\" data-element_type=\"widget\" data-widget_type=\"heading.default\">\n\t\t\t\t<div class=\"elementor-widget-container\">\n\t\t\t<h3 class=\"elementor-heading-title elementor-size-default\">Vera Santiago<\/h3>\t\t<\/div>\n\t\t\t\t<\/div>\n\t\t\t\t<div class=\"elementor-element elementor-element-64965b8 elementor-widget elementor-widget-text-editor\" data-id=\"64965b8\" data-element_type=\"widget\" data-widget_type=\"text-editor.default\">\n\t\t\t\t<div class=\"elementor-widget-container\">\n\t\t\t\t\t\t\t<p>Vera hat einen Postgraduiertenabschluss in Marketing mit Spezialisierung auf Produktions-Outsourcing und einen Master in Designmanagement in Lissabon, wo sie derzeit lebt. Sie sch\u00e4tzte \u00e4sthetische und kreative Arbeit schon immer.<\/p>\n<p>Seit 1993 ist sie in der Innenarchitektur-, Design- und Architekturbranche t\u00e4tig, entwickelt Strategien und verkauft Produkte. Sie arbeitete mit Casa Cor zusammen und beriet Ladenbesitzer. In den letzten zwanzig Jahren ist sie mit ihrem Unternehmen &#8222;Ag\u00eancia de Design&#8220; <a class=\"qi72231t nu7423ey n3hqoq4p r86q59rh b3qcqh3k fq87ekyn bdao358l fsf7x5fv rse6dlih s5oniofx m8h3af8h l7ghb35v kjdc1dyq kmwttqpk srn514ro oxkhqvkx rl78xhln nch0832m cr00lzj9 rn8ck1ys s3jn8y49 icdlwmnq notranslate _a6hd\" tabindex=\"0\" role=\"link\" href=\"https:\/\/www.instagram.com\/agenciadedesing\/\">(@agenciadedesing<\/a>) in der M\u00f6belindustrie t\u00e4tig.<\/p>\n<p>Vera kuratiert den Produktmix, erm\u00f6glicht die Produktion und Vermarktung von Projekten und hat bereits die Arbeit gro\u00dfer brasilianischer Autoren wie S\u00e9rgio Rodrigues, Aristeu Pires und Irm\u00e3os Campana gef\u00f6rdert. Als Kuratorin sticht ihr Beitrag zur &#8222;Casa Brasil-Messe&#8220; und der Durchf\u00fchrung von Ausstellungen im &#8222;Sal\u00e3o do M\u00f3vel&#8220; (M\u00f6belmesse) in Mailand und im &#8222;Maison et Objet&#8220; in Paris hervor.<\/p>\n\t\t\t\t\t\t<\/div>\n\t\t\t\t<\/div>\n\t\t\t\t\t<\/div>\n\t\t<\/div>\n\t\t\t\t\t<\/div>\n\t\t<\/section>\n\t\t\t\t<\/div>\n\t\t","protected":false},"excerpt":{"rendered":"<p>Maria Cristina Vervloet Die Wirtschaftswissenschaftlerin und Postgraduierte im Finanzwesen Maria Cristina Vervloet hatte schon immer eine Leidenschaft f\u00fcr Kunst. Sie ist seit mehr als 35 Jahren auf dem Finanzmarkt t\u00e4tig. [&hellip;]<\/p>\n","protected":false},"author":1,"featured_media":0,"parent":0,"menu_order":0,"comment_status":"closed","ping_status":"closed","template":"","meta":{"footnotes":""},"_links":{"self":[{"href":"https:\/\/cabocoart.com\/de\/wp-json\/wp\/v2\/pages\/1564"}],"collection":[{"href":"https:\/\/cabocoart.com\/de\/wp-json\/wp\/v2\/pages"}],"about":[{"href":"https:\/\/cabocoart.com\/de\/wp-json\/wp\/v2\/types\/page"}],"author":[{"embeddable":true,"href":"https:\/\/cabocoart.com\/de\/wp-json\/wp\/v2\/users\/1"}],"replies":[{"embeddable":true,"href":"https:\/\/cabocoart.com\/de\/wp-json\/wp\/v2\/comments?post=1564"}],"version-history":[{"count":3,"href":"https:\/\/cabocoart.com\/de\/wp-json\/wp\/v2\/pages\/1564\/revisions"}],"predecessor-version":[{"id":1567,"href":"https:\/\/cabocoart.com\/de\/wp-json\/wp\/v2\/pages\/1564\/revisions\/1567"}],"wp:attachment":[{"href":"https:\/\/cabocoart.com\/de\/wp-json\/wp\/v2\/media?parent=1564"}],"curies":[{"name":"wp","href":"https:\/\/api.w.org\/{rel}","templated":true}]}}